{"id":28934,"date":"2024-03-30T17:41:08","date_gmt":"2024-03-30T16:41:08","guid":{"rendered":"https:\/\/www.rensiweb.com\/.html?post_type=product&#038;p=28934"},"modified":"2025-02-27T11:44:00","modified_gmt":"2025-02-27T10:44:00","slug":"bracciale-fope-eka-flexit-sistem-oro-18kt-e-diamante-nero","status":"publish","type":"product","link":"https:\/\/www.rensiweb.com\/it\/bracciale-fope-eka-flexit-sistem-oro-18kt-e-diamante-nero.html","title":{"rendered":"Bracciale Fope Eka FlexIt Sistem Oro 18kt e Diamante Nero..."},"content":{"rendered":"<p>Bracciale Fope Eka Flex-It Sistem Oro 18kt e Diamante Nero<\/p>\n<div>Il noto brand<strong> Fope<\/strong> con la <strong>Collezione Eka<\/strong>\u00a0ha cambiato il modo di indossare i bracciali eliminando la classica chiusura. La<strong> Collezione Eka<\/strong> presenta i primi bracciali con il sistema brevettato <strong>FLEX&#8217;IT<\/strong> di<strong> FOPE. FLEX&#8217;IT<\/strong> un sistema innovativo a base di <strong>micro molle realizzate in oro 18 kt unico al mondo<\/strong>. La<strong> Collezione Eka di Fope<\/strong> ricca di gioielli propone non solo i bracciali ma anche collane, orecchini, anelli da abbinare e mischiare tra le varianti del oro bianco, giallo e ros\u00e9 e<strong> i quattro diversi spessori<\/strong>\u00a0della maglia.<\/div>\n<div><\/div>\n<div>\n<div>\n<div>\n<p>I bracciali delle Collezione Eka si distinguono per la loro eleganza e praticit\u00e0. Realizzati con materiali di alta qualit\u00e0, questi gioielli unici combinano stile e funzionalit\u00e0 in modo sorprendente. Indossare i bracciali Fope\u00a0 non \u00e8 solo un&#8217;esperienza di moda, ma anche un&#8217;affermazione di raffinatezza e modernit\u00e0. Con la loro bellezza senza tempo e la tecnologia all&#8217;avanguardia di FOPE, i bracciali della Collezione Eka si rivelano un complemento perfetto per ogni occasione.<\/p>\n<\/div>\n<\/div>\n<\/div>\n<div>Disponibile nelle versioni del oro bianco, giallo e ros\u00e9.<\/div>\n<div>\n<div>\n<ul>\n<li><strong>Modello 01M01BX_BN_B_XBX_00M: Bracciale Fope Collezione Eka FLEX-IT con maglia estensibile in oro bianco 18 kt\u00a0 con rondella in oro e diamante nero.<\/strong><\/li>\n<li><strong>Modello 01M01BX_BN_G_XGX_00M: Bracciale Fope Collezione Eka FLEX-IT con maglia estensibile in oro bianco 18 kt\u00a0 con rondella in oro e diamante nero.<\/strong><\/li>\n<li><strong>Modello 01M01BX_BN_R_XRX_00M: Bracciale donna Fope Collezione Eka FLEX-IT con maglia estensibile in oro bianco 18 kt\u00a0 con rondella in oro e diamante nero.<\/strong><\/li>\n<\/ul>\n<\/div>\n<div><\/div>\n<\/div>\n","protected":false},"excerpt":{"rendered":"<p>Bracciale Fope Eka FlexIt Sistem Oro 18kt e Diamante Nero ct.0.01 Disponibile nelle varianti del Oro Bianco Giallo Ros\u00e9 <strong>Misura M<\/strong><\/p>\n","protected":false},"featured_media":28963,"comment_status":"open","ping_status":"closed","template":"","meta":[],"product_brand":[9],"product_cat":[1998,2058],"product_tag":[],"class_list":{"0":"post-28934","1":"product","2":"type-product","3":"status-publish","4":"has-post-thumbnail","6":"product_brand-fope-gioielli-italia","7":"product_cat-gioielli","8":"product_cat-fope","10":"first","11":"outofstock","12":"shipping-taxable","13":"purchasable","14":"product-type-variable"},"exclude_global_add_ons":[],"addons":[],"_links":{"self":[{"href":"https:\/\/www.rensiweb.com\/it\/wp-json\/wp\/v2\/product\/28934","targetHints":{"allow":["GET"]}}],"collection":[{"href":"https:\/\/www.rensiweb.com\/it\/wp-json\/wp\/v2\/product"}],"about":[{"href":"https:\/\/www.rensiweb.com\/it\/wp-json\/wp\/v2\/types\/product"}],"replies":[{"embeddable":true,"href":"https:\/\/www.rensiweb.com\/it\/wp-json\/wp\/v2\/comments?post=28934"}],"wp:featuredmedia":[{"embeddable":true,"href":"https:\/\/www.rensiweb.com\/it\/wp-json\/wp\/v2\/media\/28963"}],"wp:attachment":[{"href":"https:\/\/www.rensiweb.com\/it\/wp-json\/wp\/v2\/media?parent=28934"}],"wp:term":[{"taxonomy":"product_brand","embeddable":true,"href":"https:\/\/www.rensiweb.com\/it\/wp-json\/wp\/v2\/product_brand?post=28934"},{"taxonomy":"product_cat","embeddable":true,"href":"https:\/\/www.rensiweb.com\/it\/wp-json\/wp\/v2\/product_cat?post=28934"},{"taxonomy":"product_tag","embeddable":true,"href":"https:\/\/www.rensiweb.com\/it\/wp-json\/wp\/v2\/product_tag?post=28934"}],"curies":[{"name":"wp","href":"https:\/\/api.w.org\/{rel}","templated":true}]}}