{"id":28913,"date":"2024-03-30T17:09:39","date_gmt":"2024-03-30T16:09:39","guid":{"rendered":"https:\/\/www.rensiweb.com\/.html?post_type=product&#038;p=28913"},"modified":"2026-04-17T11:18:00","modified_gmt":"2026-04-17T09:18:00","slug":"bracciale-fope-eka-flexit-sistem-oro-18kt-e-diamante","status":"publish","type":"product","link":"https:\/\/www.rensiweb.com\/it\/bracciale-fope-eka-flexit-sistem-oro-18kt-e-diamante.html","title":{"rendered":"Bracciale Fope Eka FlexIt Sistem Oro 18kt e Diamante..."},"content":{"rendered":"<p>Bracciale Fope Eka FlexIt Sistem Oro 18kt e Diamante<\/p>\n<div>Il noto brand<strong> Fope<\/strong> con la <strong>Collezione Eka<\/strong>\u00a0ha cambiato il modo di indossare i bracciali eliminando la classica chiusura. La<strong> Collezione Eka<\/strong> presenta i primi bracciali con il sistema brevettato <strong>FLEX&#8217;IT<\/strong> di<strong> FOPE. FLEX&#8217;IT<\/strong> un sistema innovativo a base di <strong>micro molle realizzate in oro 18 kt unico al mondo<\/strong>. La<strong> Collezione Eka di Fope<\/strong> ricca di gioielli propone non solo i bracciali ma anche collane, orecchini, anelli da abbinare e mischiare tra le varianti del oro bianco, giallo e ros\u00e9 e<strong> i quattro diversi spessori<\/strong>\u00a0della maglia.<\/div>\n<div><\/div>\n<div>\n<div>\n<div>\n<p>I bracciali delle Collezione Eka si distinguono per la loro eleganza e praticit\u00e0. Realizzati con materiali di alta qualit\u00e0, questi gioielli unici combinano stile e funzionalit\u00e0 in modo sorprendente. Indossare i bracciali Fope\u00a0 non \u00e8 solo un&#8217;esperienza di moda, ma anche un&#8217;affermazione di raffinatezza e modernit\u00e0. Con la loro bellezza senza tempo e la tecnologia all&#8217;avanguardia di FOPE, i bracciali della Collezione Eka si rivelano un complemento perfetto per ogni occasione.<\/p>\n<\/div>\n<\/div>\n<\/div>\n<div>Disponibile nelle versioni del oro bianco, giallo e ros\u00e9.<\/div>\n<div>\n<div>\n<ul>\n<li><strong>Modello 01M01BX_BB_B_XBX_00M: Bracciale donna Fope Collezione Eka FLEX-IT con maglia estensibile in oro bianco 18 kt\u00a0 con rondella in oro e diamante.<\/strong><\/li>\n<li><strong>Modello 01M01BX_BB_G_XGX_00M: Bracciale donna Fope Collezione Eka FLEX-IT con maglia estensibile in oro giallo 18 kt\u00a0 con rondella in oro e diamante.<\/strong><\/li>\n<li><strong>Modello 01M01BX_BB_R_XRX_00M: Bracciale donna Fope Collezione Eka FLEX-IT con maglia estensibile in oro rose 18 kt\u00a0 con rondella in oro e diamante.<\/strong><\/li>\n<\/ul>\n<\/div>\n<div><\/div>\n<\/div>\n","protected":false},"excerpt":{"rendered":"<p>Bracciale Fope Eka FlexIt Sistem Oro 18kt e Diamante Bianco ct.0.01 Disponibile nelle varianti del Oro Bianco Giallo Ros\u00e9 <strong>Misura M<\/strong><\/p>\n","protected":false},"featured_media":28922,"comment_status":"open","ping_status":"closed","template":"","meta":[],"product_brand":[9],"product_cat":[1998,2058],"product_tag":[],"class_list":{"0":"post-28913","1":"product","2":"type-product","3":"status-publish","4":"has-post-thumbnail","6":"product_brand-fope-gioielli-italia","7":"product_cat-gioielli","8":"product_cat-fope","10":"first","11":"outofstock","12":"sale","13":"shipping-taxable","14":"purchasable","15":"product-type-variable"},"exclude_global_add_ons":[],"addons":[],"_links":{"self":[{"href":"https:\/\/www.rensiweb.com\/it\/wp-json\/wp\/v2\/product\/28913","targetHints":{"allow":["GET"]}}],"collection":[{"href":"https:\/\/www.rensiweb.com\/it\/wp-json\/wp\/v2\/product"}],"about":[{"href":"https:\/\/www.rensiweb.com\/it\/wp-json\/wp\/v2\/types\/product"}],"replies":[{"embeddable":true,"href":"https:\/\/www.rensiweb.com\/it\/wp-json\/wp\/v2\/comments?post=28913"}],"wp:featuredmedia":[{"embeddable":true,"href":"https:\/\/www.rensiweb.com\/it\/wp-json\/wp\/v2\/media\/28922"}],"wp:attachment":[{"href":"https:\/\/www.rensiweb.com\/it\/wp-json\/wp\/v2\/media?parent=28913"}],"wp:term":[{"taxonomy":"product_brand","embeddable":true,"href":"https:\/\/www.rensiweb.com\/it\/wp-json\/wp\/v2\/product_brand?post=28913"},{"taxonomy":"product_cat","embeddable":true,"href":"https:\/\/www.rensiweb.com\/it\/wp-json\/wp\/v2\/product_cat?post=28913"},{"taxonomy":"product_tag","embeddable":true,"href":"https:\/\/www.rensiweb.com\/it\/wp-json\/wp\/v2\/product_tag?post=28913"}],"curies":[{"name":"wp","href":"https:\/\/api.w.org\/{rel}","templated":true}]}}