{"id":28794,"date":"2024-03-23T10:03:31","date_gmt":"2024-03-23T09:03:31","guid":{"rendered":"https:\/\/www.rensiweb.com\/.html?post_type=product&#038;p=28794"},"modified":"2025-02-27T12:18:22","modified_gmt":"2025-02-27T11:18:22","slug":"bracciale-fope-eka-flexit-oro-bianco-e-giallo-18kt","status":"publish","type":"product","link":"https:\/\/www.rensiweb.com\/it\/bracciale-fope-eka-flexit-oro-bianco-e-giallo-18kt.html","title":{"rendered":"Bracciale FOPE Eka FlexIt Oro Bianco e Giallo 18kt..."},"content":{"rendered":"<p>Bracciale FOPE Eka FlexIt Oro Bianco e Giallo 18kt<\/p>\n<p>Bracciale donna <strong>Fope Collezione Eka<\/strong> con maglia diametro 5.6 mm,<strong>\u00a0<\/strong>flessibile interamente realizzato in <strong>oro bianco 750\/000 (18 kt)<\/strong> con <strong>rondella in oro giallo<\/strong>.<\/p>\n<p><strong>FOPE famoso brand di gioielleria italiana<\/strong> conosciuto al livello internazionale per il suo costante sviluppo trasforma il<strong> Made in Italy<\/strong> sinonimo di qualit\u00e0, innovazione ed eleganza. La qualit\u00e0 dei gioielli<strong> Fope \u00e8 certificata <\/strong>e l&#8217;originalit\u00e0 coperta da brevetti internazionali.<\/p>\n<p><strong>La Collezione Eka di Fope<\/strong> continua dal 2007 a rappresentare un successo internazionale grazie al suo design iconico e alle sue linee eleganti e decise.<\/p>\n<p><strong>FOPE<\/strong> con l&#8217;introduzione della <strong>Collezione Eka<\/strong> ha rivoluzionato il modo di indossare i bracciali. <strong>La Collezione Eka di Fope<\/strong> \u00e8 stata la prima collezione che ha adottato il sistema Flex&#8217;it. Un sistema brevettato che rende estensibile la maglia dei bracciali grazie alle <strong>micro molle interne realizzate in oro 18 kt<\/strong> rendendo la vestibilit\u00e0 incredibilmente confortevole. Il diametro del bracciale <strong>misura M<\/strong> corrisponde a 18 \/19 cm e il peso circa grammi 16.20. La morbidezza della maglia di questo bracciale conquista tutte le donne.<\/p>\n<p>Tutti i gioielli della <strong>Collezione Eka<\/strong> sono realizzati in oro 750\/000 (18 Kt). La maglia \u00e8 disponibile in numerose varianti stilistiche. Una gamma versatile con<strong> quattro diversi spessori,<\/strong> perfetta per chi ama giocare con i volumi e colori dei gioielli che indossa.<\/p>\n<ul>\n<li><strong>Modello 72110BX_XX_B_XGX_00XS: Bracciale donna Fope Collezione Eka FLEX-IT con maglia estensibile in oro bianco 18 kt\u00a0 con rondella in oro giallo.<\/strong><\/li>\n<li><strong>Modello 72110BX_XX_B_XGX_00S:\u00a0 Bracciale donna Fope Collezione Eka FLEX-IT con maglia estensibile in oro bianco 18 kt\u00a0 con rondella in oro giallo.<\/strong><\/li>\n<li><strong>Modello 72110BX_XX_B_XGX_00M:\u00a0 Bracciale donna Fope Collezione Eka FLEX-IT con maglia estensibile in oro bianco 18 kt\u00a0 con rondella in oro giallo.<\/strong><\/li>\n<li><strong>Modello 72110BX_XX_B_XGX_00L:\u00a0 Bracciale donna Fope Collezione Eka FLEX-IT con maglia estensibile in oro bianco 18 kt\u00a0 con rondella in oro giallo.<\/strong><\/li>\n<li><strong>Modello 72110BX_XX_B_XGX_00XL:\u00a0 Bracciale donna Fope Collezione Eka FLEX-IT con maglia estensibile in oro bianco 18 kt\u00a0 con rondella in oro giallo.<\/strong><\/li>\n<\/ul>\n","protected":false},"excerpt":{"rendered":"<p>Bracciale FOPE Eka FlexIt Oro Bianco e inserto Oro Giallo 18kt. Il prezzo varia in base alla misura. Disponibile al catalogo misure dal XS al XL<\/p>\n","protected":false},"featured_media":28795,"comment_status":"open","ping_status":"closed","template":"","meta":[],"product_brand":[9],"product_cat":[1998,2058],"product_tag":[],"class_list":{"0":"post-28794","1":"product","2":"type-product","3":"status-publish","4":"has-post-thumbnail","6":"product_brand-fope-gioielli-italia","7":"product_cat-gioielli","8":"product_cat-fope","10":"first","11":"outofstock","12":"shipping-taxable","13":"purchasable","14":"product-type-variable"},"exclude_global_add_ons":[],"addons":[],"_links":{"self":[{"href":"https:\/\/www.rensiweb.com\/it\/wp-json\/wp\/v2\/product\/28794","targetHints":{"allow":["GET"]}}],"collection":[{"href":"https:\/\/www.rensiweb.com\/it\/wp-json\/wp\/v2\/product"}],"about":[{"href":"https:\/\/www.rensiweb.com\/it\/wp-json\/wp\/v2\/types\/product"}],"replies":[{"embeddable":true,"href":"https:\/\/www.rensiweb.com\/it\/wp-json\/wp\/v2\/comments?post=28794"}],"wp:featuredmedia":[{"embeddable":true,"href":"https:\/\/www.rensiweb.com\/it\/wp-json\/wp\/v2\/media\/28795"}],"wp:attachment":[{"href":"https:\/\/www.rensiweb.com\/it\/wp-json\/wp\/v2\/media?parent=28794"}],"wp:term":[{"taxonomy":"product_brand","embeddable":true,"href":"https:\/\/www.rensiweb.com\/it\/wp-json\/wp\/v2\/product_brand?post=28794"},{"taxonomy":"product_cat","embeddable":true,"href":"https:\/\/www.rensiweb.com\/it\/wp-json\/wp\/v2\/product_cat?post=28794"},{"taxonomy":"product_tag","embeddable":true,"href":"https:\/\/www.rensiweb.com\/it\/wp-json\/wp\/v2\/product_tag?post=28794"}],"curies":[{"name":"wp","href":"https:\/\/api.w.org\/{rel}","templated":true}]}}