{"id":28589,"date":"2024-03-07T10:24:57","date_gmt":"2024-03-07T09:24:57","guid":{"rendered":"https:\/\/www.rensiweb.com\/.html?post_type=product&#038;p=28589"},"modified":"2025-03-01T10:25:14","modified_gmt":"2025-03-01T09:25:14","slug":"bracciale-fope-eka-tiny-in-oro-18-kt-con-rondelle-in-oro","status":"publish","type":"product","link":"https:\/\/www.rensiweb.com\/it\/bracciale-fope-eka-tiny-in-oro-18-kt-con-rondelle-in-oro.html","title":{"rendered":"Bracciale Fope Eka Tiny in Oro 18 kt con rondelle in oro..."},"content":{"rendered":"<p>Bracciale<strong> Fope Eka Tiny in Oro 18 kt con rondelle<\/strong><\/p>\n<p>La <strong>Collezione Eka Tiny<\/strong> \u00e8 un vero successo<strong> Fope<\/strong>, rappresenta una complessa combinazione di tecnica ed estetica. Grazie al <strong>sistema brevettato Flex&#8217;it<\/strong> (una metodologia di piccole molle realizzate in oro all&#8217;interno dei componenti della maglia) l&#8217;indossabilit\u00e0 di questi bracciali \u00e8 davvero confortevole e soprattutto impossibili da perdere. La <strong>Collezione Eka Tiny<\/strong> presenta diversi modelli, i dettagli che arricchiscono i bracciali sono disponibili dalle classiche rondelle in oro lucido alle preziose rondelle in oro tempestate con diamanti naturali.<\/p>\n<p>La maglia di questo modello di bracciale <strong>Fope Flex&#8217;it<\/strong> (Senza chiusura) \u00e8 morbida con un spessore di 3.5mm, arricchita con 3 rondelle in oro lucido bianco, giallo e ros\u00e9 pi\u00f9 una rondella fissa incisa con il logo<strong> Fope<\/strong> come ulteriore certificazione di autenticit\u00e0. Il peso complessivo del bracciale \u00e8 circa gr.10.00.<\/p>\n<div>\n<div>\n<p><strong>Indossare un gioiello Fope significa abbracciare un&#8217;eleganza senza tempo, unendo tradizione e modernit\u00e0 in un equilibrio perfetto<\/strong>.<\/p>\n<\/div>\n<\/div>\n<ul>\n<li><strong>Modello 73901BX_XX_B_BBB_00M: Bracciale donna Fope Collezione Eka Tiny FLEX-IT con maglia estensibile in oro Bianco 18 kt con 3 rondelle in bianco<\/strong><\/li>\n<li><strong>Modello 73901BX_XX_G_GGG_00M: Bracciale donna Fope Collezione Eka Tiny FLEX-IT con maglia estensibile in oro Giallo 18 kt con 3 rondelle in oro giallo<\/strong><\/li>\n<\/ul>\n","protected":false},"excerpt":{"rendered":"<p>Bracciale Fope Eka Tiny in Oro 18 kt con rondelle in oro. Disponibile in oro bianco e giallo. Il prezzo varia in base alla misura scelta. Misura M<\/p>\n","protected":false},"featured_media":28597,"comment_status":"open","ping_status":"closed","template":"","meta":[],"product_brand":[9],"product_cat":[1998,2058],"product_tag":[],"class_list":{"0":"post-28589","1":"product","2":"type-product","3":"status-publish","4":"has-post-thumbnail","6":"product_brand-fope-gioielli-italia","7":"product_cat-gioielli","8":"product_cat-fope","10":"first","11":"outofstock","12":"shipping-taxable","13":"purchasable","14":"product-type-variable"},"exclude_global_add_ons":[],"addons":[],"_links":{"self":[{"href":"https:\/\/www.rensiweb.com\/it\/wp-json\/wp\/v2\/product\/28589","targetHints":{"allow":["GET"]}}],"collection":[{"href":"https:\/\/www.rensiweb.com\/it\/wp-json\/wp\/v2\/product"}],"about":[{"href":"https:\/\/www.rensiweb.com\/it\/wp-json\/wp\/v2\/types\/product"}],"replies":[{"embeddable":true,"href":"https:\/\/www.rensiweb.com\/it\/wp-json\/wp\/v2\/comments?post=28589"}],"wp:featuredmedia":[{"embeddable":true,"href":"https:\/\/www.rensiweb.com\/it\/wp-json\/wp\/v2\/media\/28597"}],"wp:attachment":[{"href":"https:\/\/www.rensiweb.com\/it\/wp-json\/wp\/v2\/media?parent=28589"}],"wp:term":[{"taxonomy":"product_brand","embeddable":true,"href":"https:\/\/www.rensiweb.com\/it\/wp-json\/wp\/v2\/product_brand?post=28589"},{"taxonomy":"product_cat","embeddable":true,"href":"https:\/\/www.rensiweb.com\/it\/wp-json\/wp\/v2\/product_cat?post=28589"},{"taxonomy":"product_tag","embeddable":true,"href":"https:\/\/www.rensiweb.com\/it\/wp-json\/wp\/v2\/product_tag?post=28589"}],"curies":[{"name":"wp","href":"https:\/\/api.w.org\/{rel}","templated":true}]}}