{"id":28421,"date":"2024-02-08T12:31:43","date_gmt":"2024-02-08T11:31:43","guid":{"rendered":"https:\/\/www.rensiweb.com\/.html?post_type=product&#038;p=28421"},"modified":"2026-04-18T20:57:56","modified_gmt":"2026-04-18T18:57:56","slug":"orologio-citizen-promaster-divers-eco","status":"publish","type":"product","link":"https:\/\/www.rensiweb.com\/it\/orologio-citizen-promaster-divers-eco.html","title":{"rendered":"Orologio Citizen Promaster Divers Eco Drive 200 mt..."},"content":{"rendered":"<p>Orologio Citizen Promaster Divers Eco Drive 200 mt.<\/p>\n<p>Questo modello di orologio \u00e8 un Diver&#8217;s professionale certificato ISO 6425 con movimento Eco Drive a carica luce con riserva di carica di 180 giorni.<br \/>\nIl sistema di carica Eco Drive \u00e8 un&#8217;innovativa tecnologia sviluppata dalla casa giapponese Citizen che consente ai propri orologi di funzionare senza la necessit\u00e0 di sostituire la batteria.<br \/>\nInoltre, il quadrante dell&#8217;orologio \u00e8 dotato di un indicatore di riserva di carica, che consente di sapere in qualsiasi momento quanto tempo rimane prima che l&#8217;orologio debba essere ricaricato.<br \/>\nQuesto modello di Orologio Citizen Promaster Diver&#8217;s \u00e8 caratterizzato da una cassa in acciaio e cinturino in caucci\u00f9. La ghiera girevole \u00e8 unidirezionale, garantendo cos\u00ec una maggiore precisione.<br \/>\nDotato con vetro minerale. Il quadrante con indici e sfere ad alta luminosit\u00e0 garantisce una ottima visibilit\u00e0 in qualsiasi situazione.<br \/>\nIl fondo dell&#8217;orologio \u00e8 serrato a vite, garantendo una maggiore resistenza all&#8217;acqua. Infatti, l&#8217;orologio pu\u00f2 resistere fino a 20 bar di pressione.<\/p>\n<p>La sua misura compatta lo rende ideale anche per i polsi pi\u00f9 sottili. Infatti \u00e8 perfetto per essere indossato sia dagli uomini che dalle donne il diametro della cassa misura 37 mm con un peso totale di 64 gr.<br \/>\nQuesto modello di orologio Citizen Promaster Diver&#8217;s \u00e8 un prodotto di alta qualit\u00e0 che garantisce prestazioni eccellenti, perfetto per chi cerca un prodotto resistente, comodo e performante.<\/p>\n<ul>\n<li><strong>Modello EO2020-08E: orologio cassa Acciaio e cinturino poliuretano nero\u00a0 &#8211; quadrante Nero<\/strong><\/li>\n<li><strong>Modello EO2021-05L: orologio cassa Acciaio e cinturino poliuretano blu\u00a0 &#8211; quadrante Blu<\/strong><\/li>\n<\/ul>\n","protected":false},"excerpt":{"rendered":"<p>Orologio Citizen Promaster Divers Eco Drive 200 mt. unisex, certificato ISO 6425 con movimento a carica luce con riserva di carica di 180 giorni.<\/p>\n<p><span style=\"font-size: 18pt;color: #339966\"><strong>5 Anni di GARANZIA Ufficiale<\/strong><\/span><\/p>\n","protected":false},"featured_media":28431,"comment_status":"open","ping_status":"closed","template":"","meta":[],"product_brand":[5],"product_cat":[2097,2004,1994],"product_tag":[],"class_list":{"0":"post-28421","1":"product","2":"type-product","3":"status-publish","4":"has-post-thumbnail","6":"product_brand-citizen-orologi-giappone","7":"product_cat-senza-categoria","8":"product_cat-citizen","9":"product_cat-orologi","11":"first","12":"outofstock","13":"sale","14":"shipping-taxable","15":"purchasable","16":"product-type-variable"},"exclude_global_add_ons":[],"addons":[],"_links":{"self":[{"href":"https:\/\/www.rensiweb.com\/it\/wp-json\/wp\/v2\/product\/28421","targetHints":{"allow":["GET"]}}],"collection":[{"href":"https:\/\/www.rensiweb.com\/it\/wp-json\/wp\/v2\/product"}],"about":[{"href":"https:\/\/www.rensiweb.com\/it\/wp-json\/wp\/v2\/types\/product"}],"replies":[{"embeddable":true,"href":"https:\/\/www.rensiweb.com\/it\/wp-json\/wp\/v2\/comments?post=28421"}],"wp:featuredmedia":[{"embeddable":true,"href":"https:\/\/www.rensiweb.com\/it\/wp-json\/wp\/v2\/media\/28431"}],"wp:attachment":[{"href":"https:\/\/www.rensiweb.com\/it\/wp-json\/wp\/v2\/media?parent=28421"}],"wp:term":[{"taxonomy":"product_brand","embeddable":true,"href":"https:\/\/www.rensiweb.com\/it\/wp-json\/wp\/v2\/product_brand?post=28421"},{"taxonomy":"product_cat","embeddable":true,"href":"https:\/\/www.rensiweb.com\/it\/wp-json\/wp\/v2\/product_cat?post=28421"},{"taxonomy":"product_tag","embeddable":true,"href":"https:\/\/www.rensiweb.com\/it\/wp-json\/wp\/v2\/product_tag?post=28421"}],"curies":[{"name":"wp","href":"https:\/\/api.w.org\/{rel}","templated":true}]}}