{"id":28396,"date":"2024-02-08T09:59:43","date_gmt":"2024-02-08T08:59:43","guid":{"rendered":"https:\/\/www.rensiweb.com\/.html?post_type=product&#038;p=28396"},"modified":"2026-04-16T20:53:59","modified_gmt":"2026-04-16T18:53:59","slug":"orologio-citizen-promaster-orca-divers-eco-drive","status":"publish","type":"product","link":"https:\/\/www.rensiweb.com\/it\/orologio-citizen-promaster-orca-divers-eco-drive.html","title":{"rendered":"Orologio Citizen Promaster Orca Divers Eco Drive..."},"content":{"rendered":"<p>Orologio Citizen Promaster Orca Divers Eco Drive<\/p>\n<p>Il Citizen Promaster Orca si chiama cos\u00ec per quelle \u201cbolle\u201d agli indici che ricordano le macchie sul dorso del cetaceo. Ma anche per il fondello personalizzato, cio\u00e8 decorato con un\u2019orca smaltata. Un dettaglio nascosto, conosciuto e visibile soltanto al proprietario dell\u2019orologio.<\/p>\n<p>Questo modello di Orologio Citizen Promaster Orca \u00e8 un Diver&#8217;s professionale certificato ISO 6425 con movimento Eco Drive a carica luce con riserva di carica di 180 giorni.<br \/>\nIl sistema di carica Eco Drive \u00e8 un&#8217;innovativa tecnologia sviluppata dalla casa giapponese Citizen che consente ai propri orologi di funzionare senza la necessit\u00e0 di sostituire la batteria.<br \/>\nInoltre, il quadrante dell&#8217;orologio \u00e8 dotato di un indicatore di riserva di carica, che consente di sapere in qualsiasi momento quanto tempo rimane prima che l&#8217;orologio debba essere ricaricato.<\/p>\n<p>Questo modello di Orologio Citizen Promaster Orca Divers \u00e8 caratterizzato da una cassa in acciaio con cinturino in due versioni: acciaio e caucci\u00f9. La ghiera girevole \u00e8 unidirezionale, garantendo cos\u00ec una maggiore precisione. Dotato con vetro minerale. Il quadrante con indici e sfere ad alta luminosit\u00e0 garantisce una ottima visibilit\u00e0 in qualsiasi situazione.<br \/>\nIl fondo dell&#8217;orologio \u00e8 serrato a vite, garantendo una maggiore resistenza all&#8217;acqua. Infatti, l&#8217;orologio pu\u00f2 resistere fino a 20 bar di pressione. Diametro della cassa misura 46 mm con un peso totale di 199 gr.<\/p>\n<p>Questo modello di orologio Citizen Promaster Divers Orca \u00e8 un prodotto di alta qualit\u00e0 che garantisce prestazioni eccellenti, lo possiamo definire un orologio di grande personalit\u00e0.<\/p>\n<ul>\n<li><strong>Modello BN0231-52L: orologio cassa e cinturino Acciaio \u00a0&#8211; quadrante Blu<\/strong><\/li>\n<li><b>Modello BN0230-04E: orologio cassa Acciaio e cinturino caucci\u00f9 \u00a0&#8211; quadrante Nero-Rosso<\/b><\/li>\n<li><b>Modello BN0235-01E : orologio cassa Acciaio e cinturino caucci\u00f9 \u00a0&#8211; quadrante Nero-Bianco<\/b><\/li>\n<\/ul>\n<p>&nbsp;<\/p>\n","protected":false},"excerpt":{"rendered":"<p>Orologio Citizen Promaster Orca Divers Eco Drive 200 mt certificato ISO 6425 con movimento Eco Drive con riserva di carica di 180 giorni.<\/p>\n<p><span style=\"font-size: 18pt;color: #339966\"><strong>5 Anni di GARANZIA Ufficiale<\/strong><\/span><\/p>\n","protected":false},"featured_media":28400,"comment_status":"open","ping_status":"closed","template":"","meta":[],"product_brand":[5],"product_cat":[2097,2004,1994],"product_tag":[],"class_list":{"0":"post-28396","1":"product","2":"type-product","3":"status-publish","4":"has-post-thumbnail","6":"product_brand-citizen-orologi-giappone","7":"product_cat-senza-categoria","8":"product_cat-citizen","9":"product_cat-orologi","11":"first","12":"instock","13":"shipping-taxable","14":"purchasable","15":"product-type-variable"},"exclude_global_add_ons":[],"addons":[],"_links":{"self":[{"href":"https:\/\/www.rensiweb.com\/it\/wp-json\/wp\/v2\/product\/28396","targetHints":{"allow":["GET"]}}],"collection":[{"href":"https:\/\/www.rensiweb.com\/it\/wp-json\/wp\/v2\/product"}],"about":[{"href":"https:\/\/www.rensiweb.com\/it\/wp-json\/wp\/v2\/types\/product"}],"replies":[{"embeddable":true,"href":"https:\/\/www.rensiweb.com\/it\/wp-json\/wp\/v2\/comments?post=28396"}],"wp:featuredmedia":[{"embeddable":true,"href":"https:\/\/www.rensiweb.com\/it\/wp-json\/wp\/v2\/media\/28400"}],"wp:attachment":[{"href":"https:\/\/www.rensiweb.com\/it\/wp-json\/wp\/v2\/media?parent=28396"}],"wp:term":[{"taxonomy":"product_brand","embeddable":true,"href":"https:\/\/www.rensiweb.com\/it\/wp-json\/wp\/v2\/product_brand?post=28396"},{"taxonomy":"product_cat","embeddable":true,"href":"https:\/\/www.rensiweb.com\/it\/wp-json\/wp\/v2\/product_cat?post=28396"},{"taxonomy":"product_tag","embeddable":true,"href":"https:\/\/www.rensiweb.com\/it\/wp-json\/wp\/v2\/product_tag?post=28396"}],"curies":[{"name":"wp","href":"https:\/\/api.w.org\/{rel}","templated":true}]}}