{"id":28168,"date":"2024-01-20T12:02:11","date_gmt":"2024-01-20T11:02:11","guid":{"rendered":"https:\/\/www.rensiweb.com\/.html?post_type=product&#038;p=28168"},"modified":"2026-04-29T11:35:56","modified_gmt":"2026-04-29T09:35:56","slug":"orologio-citizen-meccanico-serie-8-830","status":"publish","type":"product","link":"https:\/\/www.rensiweb.com\/it\/orologio-citizen-meccanico-serie-8-830.html","title":{"rendered":"Orologio Citizen Meccanico Serie 8 830..."},"content":{"rendered":"<div>\n<div>\n<p>Orologio Citizen Meccanico Serie 8 830<\/p>\n<p>La Collezione Serie 8 \u00e8 la combinazione perfetta tra tradizione e innovazione. Con il suo movimento meccanico, ogni orologio della Collezione Serie 8 \u00e8 un capolavoro di precisione e tecnologia. Semplice ma sofisticata, questa collezione rappresenta l&#8217;essenza dell&#8217;orologeria moderna. Grazie al suo design contemporaneo e minimalista, ogni orologio pu\u00f2 essere indossato in qualsiasi occasione, dall&#8217;incontro di lavoro al weekend fuori citt\u00e0. Inoltre, la notevole resistenza ai campi magnetici consente di mantenere la massima precisione anche in presenza di dispositivi elettronici come smartphone e tablet. La collezione Serie 8 \u00e8 l&#8217;ideale per chi vive il ritmo dinamico della vita contemporanea e cerca un orologio affidabile e di alta qualit\u00e0.<\/p>\n<p>Questo modello di orologio \u00e8 dottato di un <strong>movimento meccanico a ricarica automatica (cal. 0950)<\/strong> con una <strong>riserva di carica di<\/strong> <strong>ben 48 ore<\/strong>. La sua <strong>cassa e il cinturino sono in acciaio<\/strong>, il <strong>vetro zaffiro con trattamento antiriflesso<\/strong> lo rende un orologio di grande bellezza e funzionalit\u00e0. La sua<strong> impermeabilit\u00e0<\/strong> \u00e8 di <strong>10 bar<\/strong>. Il diametro della cassa \u00e8 di <strong>40 mm<\/strong>, lo spessore di <strong>11,70 mm<\/strong> e il peso di <strong>165,00 g<\/strong>. Il suo quadrante analogico disponibile in varie colorazioni, gli conferisce un aspetto elegante e di classe.<\/p>\n<p>Se stai cercando un orologio di alta qualit\u00e0 e funzionalit\u00e0, questo modello \u00e8 sicuramente una scelta eccellente.<\/p>\n<ul>\n<li><strong>Modello <b>NA1010-84X<\/b><\/strong><strong>: cassa e cinturino in Acciaio &#8211; quadrante Blu<\/strong><\/li>\n<li><strong>Modello <b>NA1015-81Z<\/b><\/strong><strong>: cassa e cinturino in Acciaio PVD Nero &#8211; quadrante Nero<\/strong><\/li>\n<\/ul>\n<\/div>\n<\/div>\n","protected":false},"excerpt":{"rendered":"<p>Orologio Citizen Meccanico Serie 8 830 a carica automatica, cassa e cinturino in acciaio, vetro in zaffiro, impermeabile 10 bar, diametro cassa 40mm<\/p>\n<p><span style=\"font-size: 18pt;color: #339966\"><strong>5 Anni di GARANZIA Ufficiale<\/strong><\/span><\/p>\n","protected":false},"featured_media":28179,"comment_status":"open","ping_status":"closed","template":"","meta":[],"product_brand":[5],"product_cat":[2097,2004,1994],"product_tag":[],"class_list":{"0":"post-28168","1":"product","2":"type-product","3":"status-publish","4":"has-post-thumbnail","6":"product_brand-citizen-orologi-giappone","7":"product_cat-senza-categoria","8":"product_cat-citizen","9":"product_cat-orologi","11":"first","12":"instock","13":"shipping-taxable","14":"purchasable","15":"product-type-variable"},"exclude_global_add_ons":[],"addons":[],"_links":{"self":[{"href":"https:\/\/www.rensiweb.com\/it\/wp-json\/wp\/v2\/product\/28168","targetHints":{"allow":["GET"]}}],"collection":[{"href":"https:\/\/www.rensiweb.com\/it\/wp-json\/wp\/v2\/product"}],"about":[{"href":"https:\/\/www.rensiweb.com\/it\/wp-json\/wp\/v2\/types\/product"}],"replies":[{"embeddable":true,"href":"https:\/\/www.rensiweb.com\/it\/wp-json\/wp\/v2\/comments?post=28168"}],"wp:featuredmedia":[{"embeddable":true,"href":"https:\/\/www.rensiweb.com\/it\/wp-json\/wp\/v2\/media\/28179"}],"wp:attachment":[{"href":"https:\/\/www.rensiweb.com\/it\/wp-json\/wp\/v2\/media?parent=28168"}],"wp:term":[{"taxonomy":"product_brand","embeddable":true,"href":"https:\/\/www.rensiweb.com\/it\/wp-json\/wp\/v2\/product_brand?post=28168"},{"taxonomy":"product_cat","embeddable":true,"href":"https:\/\/www.rensiweb.com\/it\/wp-json\/wp\/v2\/product_cat?post=28168"},{"taxonomy":"product_tag","embeddable":true,"href":"https:\/\/www.rensiweb.com\/it\/wp-json\/wp\/v2\/product_tag?post=28168"}],"curies":[{"name":"wp","href":"https:\/\/api.w.org\/{rel}","templated":true}]}}