{"id":28016,"date":"2023-11-11T12:40:54","date_gmt":"2023-11-11T11:40:54","guid":{"rendered":"https:\/\/www.rensiweb.com\/.html?post_type=product&#038;p=28016"},"modified":"2026-04-17T20:49:33","modified_gmt":"2026-04-17T18:49:33","slug":"anello-damiani-spicchi-di-luna-oro-giallo","status":"publish","type":"product","link":"https:\/\/www.rensiweb.com\/it\/anello-damiani-spicchi-di-luna-oro-giallo.html","title":{"rendered":"Anello Damiani Spicchi di Luna Oro Giallo e Quarzo..."},"content":{"rendered":"<p>Anello Damiani Spicchi di Luna Oro Giallo e Quarzo Fum\u00e9.<\/p>\n<p><strong>Damiani<\/strong> simbolo della alta gioielleria <strong>Made in Italy<\/strong> si ispira alla magia della luna e con questa collezione di gioielli<strong> Spicchi di Luna<\/strong> evoca l\u2019unione perfetta delle diverse fasi lunari.<\/p>\n<p>I gioielli della <strong>Collezione Spicchi di Luna di Damiani<\/strong> nascono da una approfondita ricerca stilistica. Il suo design costituito da una sequenza di fasce bombate unite in spicchi. La luce viene esaltata da preziosi spicchi d&#8217;oro 18kt\u00a0 e gemme preziose che sembrano fondersi insieme. Declinabile in tantissime varianti per ogni esigenza di stile.<\/p>\n<p>Questo modello di anello \u00e9 realizzato in Oro Giallo 18 kt e Quarzo Fum\u00e9. I<b>l Quarzo Fume<\/b> \u00e9 una pietra dura che offre una trasparenza rara e bella che luccica nei toni del nero, grigio e del marrone. I gioielli con questo quarzo nero fumo hanno avuto un importanza notevole fin dal antichit\u00e0. Il quarzo fum\u00e9 era conosciuto come la Pietra del Potere. Tutt\u2019oggi ha una fama notevole \u00e8 una pietra con propriet\u00e0 di forte potere di trasformazione, viene spesso usata per la rimozione di negativit\u00e0.<\/p>\n<ul>\n<li><strong>Modello 20076842: Anello Damiani Spicchi di Luna in Oro Giallo 18kt. e Quarzo Fum\u00e9 con Diamante carati 0.01 Misura 13<\/strong><\/li>\n<\/ul>\n","protected":false},"excerpt":{"rendered":"<p>Anello donna Damiani Collezione Spicchi di Luna realizzato in Oro Giallo 18 kt e Quarzo Fum\u00e9 impreziosito con diamante naturale carati 0.01 colore H misura dito 13.<\/p>\n","protected":false},"featured_media":28020,"comment_status":"open","ping_status":"closed","template":"","meta":[],"product_brand":[4],"product_cat":[2097,1998,2024,2006],"product_tag":[],"class_list":{"0":"post-28016","1":"product","2":"type-product","3":"status-publish","4":"has-post-thumbnail","6":"product_brand-damiani-gioielli-orologi-italia","7":"product_cat-senza-categoria","8":"product_cat-gioielli","9":"product_cat-outlet","10":"product_cat-damiani","12":"first","13":"instock","14":"sale","15":"shipping-taxable","16":"purchasable","17":"product-type-simple"},"exclude_global_add_ons":[],"addons":[],"_links":{"self":[{"href":"https:\/\/www.rensiweb.com\/it\/wp-json\/wp\/v2\/product\/28016","targetHints":{"allow":["GET"]}}],"collection":[{"href":"https:\/\/www.rensiweb.com\/it\/wp-json\/wp\/v2\/product"}],"about":[{"href":"https:\/\/www.rensiweb.com\/it\/wp-json\/wp\/v2\/types\/product"}],"replies":[{"embeddable":true,"href":"https:\/\/www.rensiweb.com\/it\/wp-json\/wp\/v2\/comments?post=28016"}],"wp:featuredmedia":[{"embeddable":true,"href":"https:\/\/www.rensiweb.com\/it\/wp-json\/wp\/v2\/media\/28020"}],"wp:attachment":[{"href":"https:\/\/www.rensiweb.com\/it\/wp-json\/wp\/v2\/media?parent=28016"}],"wp:term":[{"taxonomy":"product_brand","embeddable":true,"href":"https:\/\/www.rensiweb.com\/it\/wp-json\/wp\/v2\/product_brand?post=28016"},{"taxonomy":"product_cat","embeddable":true,"href":"https:\/\/www.rensiweb.com\/it\/wp-json\/wp\/v2\/product_cat?post=28016"},{"taxonomy":"product_tag","embeddable":true,"href":"https:\/\/www.rensiweb.com\/it\/wp-json\/wp\/v2\/product_tag?post=28016"}],"curies":[{"name":"wp","href":"https:\/\/api.w.org\/{rel}","templated":true}]}}