{"id":28010,"date":"2023-11-11T12:07:57","date_gmt":"2023-11-11T11:07:57","guid":{"rendered":"https:\/\/www.rensiweb.com\/.html?post_type=product&#038;p=28010"},"modified":"2026-05-12T14:49:56","modified_gmt":"2026-05-12T12:49:56","slug":"anello-damiani-spicchi-di-luna-oro-rose","status":"publish","type":"product","link":"https:\/\/www.rensiweb.com\/it\/anello-damiani-spicchi-di-luna-oro-rose.html","title":{"rendered":"Anello Damiani Spicchi di Luna Oro Rose e Sunstone..."},"content":{"rendered":"<p>Anello Damiani Spicchi di Luna Oro Rose e Sunstone<\/p>\n<p><strong>Damiani<\/strong> simbolo della alta gioielleria <strong>Made in Italy<\/strong> si ispira alla magia della luna e con questa collezione di gioielli<strong> Spicchi di Luna<\/strong> evoca l\u2019unione perfetta delle diverse fasi lunari.<\/p>\n<p>I gioielli della <strong>Collezione Spicchi di Luna di Damiani<\/strong> nascono da una approfondita ricerca stilistica. Il suo design costituito da una sequenza di fasce bombate unite in spicchi. La luce viene esaltata da preziosi spicchi d&#8217;oro 18kt\u00a0 e gemme preziose che sembrano fondersi insieme. Declinabile in tantissime varianti per ogni esigenza di stile.<\/p>\n<p>Questo modello di anello \u00e9 realizzato in oro ros\u00e9 18 kt e Sunstone. La Sunstone \u00e9 una pietra dura chiamata anche con il nome di Pietra del Sole che produce l\u2019effetto luccicante. Quando la pietra viene ruotata, le inclusioni di Rame ed Ematite riflettono indietro la luce, diffondendo nella Gemma bagliori dorati.<\/p>\n<p>Un gioiello che mostra una bellezza notevole dove la calda pietra Sunstone esibisce un vivace e distinto luccichio.<\/p>\n<ul>\n<li><strong>Modello 20077167: Anello Damiani Spicchi di Luna in Oro Ros\u00e9 18kt. e Sunstone con Diamanti carati 0.01 Misura 15<\/strong><\/li>\n<\/ul>\n","protected":false},"excerpt":{"rendered":"<p>Anello donna Damiani Collezione Spicchi di Luna realizzato in Oro Rose 18 kt e Sunstone impreziosito con diamante naturale carati 0.01 colore H misura dito 15.<\/p>\n","protected":false},"featured_media":28013,"comment_status":"open","ping_status":"closed","template":"","meta":[],"product_brand":[4],"product_cat":[2097,1998,2024,2006],"product_tag":[],"class_list":{"0":"post-28010","1":"product","2":"type-product","3":"status-publish","4":"has-post-thumbnail","6":"product_brand-damiani-gioielli-orologi-italia","7":"product_cat-senza-categoria","8":"product_cat-gioielli","9":"product_cat-outlet","10":"product_cat-damiani","12":"first","13":"instock","14":"sale","15":"shipping-taxable","16":"purchasable","17":"product-type-simple"},"exclude_global_add_ons":[],"addons":[],"_links":{"self":[{"href":"https:\/\/www.rensiweb.com\/it\/wp-json\/wp\/v2\/product\/28010","targetHints":{"allow":["GET"]}}],"collection":[{"href":"https:\/\/www.rensiweb.com\/it\/wp-json\/wp\/v2\/product"}],"about":[{"href":"https:\/\/www.rensiweb.com\/it\/wp-json\/wp\/v2\/types\/product"}],"replies":[{"embeddable":true,"href":"https:\/\/www.rensiweb.com\/it\/wp-json\/wp\/v2\/comments?post=28010"}],"wp:featuredmedia":[{"embeddable":true,"href":"https:\/\/www.rensiweb.com\/it\/wp-json\/wp\/v2\/media\/28013"}],"wp:attachment":[{"href":"https:\/\/www.rensiweb.com\/it\/wp-json\/wp\/v2\/media?parent=28010"}],"wp:term":[{"taxonomy":"product_brand","embeddable":true,"href":"https:\/\/www.rensiweb.com\/it\/wp-json\/wp\/v2\/product_brand?post=28010"},{"taxonomy":"product_cat","embeddable":true,"href":"https:\/\/www.rensiweb.com\/it\/wp-json\/wp\/v2\/product_cat?post=28010"},{"taxonomy":"product_tag","embeddable":true,"href":"https:\/\/www.rensiweb.com\/it\/wp-json\/wp\/v2\/product_tag?post=28010"}],"curies":[{"name":"wp","href":"https:\/\/api.w.org\/{rel}","templated":true}]}}