{"id":27986,"date":"2023-11-11T10:02:41","date_gmt":"2023-11-11T09:02:41","guid":{"rendered":"https:\/\/www.rensiweb.com\/.html?post_type=product&#038;p=27986"},"modified":"2026-04-20T20:49:41","modified_gmt":"2026-04-20T18:49:41","slug":"bracciale-damiani-spicchi-di-luna-oro-rose","status":"publish","type":"product","link":"https:\/\/www.rensiweb.com\/it\/bracciale-damiani-spicchi-di-luna-oro-rose.html","title":{"rendered":"Bracciale Damiani Spicchi di Luna Oro Rose e Onice..."},"content":{"rendered":"<p><strong>Bracciale Damiani Spicchi di Luna Oro Rose e Onice<\/strong><\/p>\n<p><strong>Damiani<\/strong> simbolo della alta gioielleria <strong>Made in Italy<\/strong> si ispira alla magia della luna e con questa collezione di gioielli<strong> Spicchi di Luna<\/strong> evoca l\u2019unione perfetta delle diverse fasi lunari.<\/p>\n<p>I gioielli della <strong>Collezione Spicchi di Luna di Damiani<\/strong> nascono da una approfondita ricerca stilistica. Il suo design costituito da una sequenza di fasce bombate unite in spicchi. La luce viene esaltata da preziosi spicchi d&#8217;oro 18kt\u00a0 e gemme preziose che sembrano fondersi insieme. Declinabile in tantissime varianti per ogni esigenza di stile.<\/p>\n<p>Questo modello di bracciale \u00e9 realizzato in oro ros\u00e9 18 kt e onice nero impreziosito da diamante naturale. Il diametro di questo bracciale \u00e9 5.50 cm. la circonferenza adatta ad un polso piccolo \/medio.<\/p>\n<p>Un gioiello elegante di una bellezza data dal contrasto cromatico chiaro-scuro che esalta le forme leggermente bombate.<\/p>\n<ul>\n<li><strong>Modello 20076820: Bracciale Damiani Spicchi di Luna in Oro Ros\u00e9 18kt. e Onice con Diamanti carati 0.01<\/strong><\/li>\n<\/ul>\n","protected":false},"excerpt":{"rendered":"<p>Bracciale Damiani Spicchi di Luna in Oro Rose e Onice nero impreziosito con diamante naturale carati 0.01 colore H. Misura &#8211; Diametro 5.5cm.<\/p>\n","protected":false},"featured_media":27994,"comment_status":"open","ping_status":"closed","template":"","meta":[],"product_brand":[4],"product_cat":[2097,1998,2024,2006],"product_tag":[],"class_list":{"0":"post-27986","1":"product","2":"type-product","3":"status-publish","4":"has-post-thumbnail","6":"product_brand-damiani-gioielli-orologi-italia","7":"product_cat-senza-categoria","8":"product_cat-gioielli","9":"product_cat-outlet","10":"product_cat-damiani","12":"first","13":"instock","14":"sale","15":"shipping-taxable","16":"purchasable","17":"product-type-simple"},"exclude_global_add_ons":[],"addons":[],"_links":{"self":[{"href":"https:\/\/www.rensiweb.com\/it\/wp-json\/wp\/v2\/product\/27986","targetHints":{"allow":["GET"]}}],"collection":[{"href":"https:\/\/www.rensiweb.com\/it\/wp-json\/wp\/v2\/product"}],"about":[{"href":"https:\/\/www.rensiweb.com\/it\/wp-json\/wp\/v2\/types\/product"}],"replies":[{"embeddable":true,"href":"https:\/\/www.rensiweb.com\/it\/wp-json\/wp\/v2\/comments?post=27986"}],"wp:featuredmedia":[{"embeddable":true,"href":"https:\/\/www.rensiweb.com\/it\/wp-json\/wp\/v2\/media\/27994"}],"wp:attachment":[{"href":"https:\/\/www.rensiweb.com\/it\/wp-json\/wp\/v2\/media?parent=27986"}],"wp:term":[{"taxonomy":"product_brand","embeddable":true,"href":"https:\/\/www.rensiweb.com\/it\/wp-json\/wp\/v2\/product_brand?post=27986"},{"taxonomy":"product_cat","embeddable":true,"href":"https:\/\/www.rensiweb.com\/it\/wp-json\/wp\/v2\/product_cat?post=27986"},{"taxonomy":"product_tag","embeddable":true,"href":"https:\/\/www.rensiweb.com\/it\/wp-json\/wp\/v2\/product_tag?post=27986"}],"curies":[{"name":"wp","href":"https:\/\/api.w.org\/{rel}","templated":true}]}}