{"id":2798,"date":"2020-04-17T10:35:05","date_gmt":"2020-04-17T08:35:05","guid":{"rendered":"https:\/\/www.rensiweb.com\/orologio-uomo-baume-e-mercier-collezione-clifton-baumatic-cassa-mm-40-acciaio-cinturino-pelle-alligatore-nero-quadrante-bianco\/"},"modified":"2026-05-07T15:04:01","modified_gmt":"2026-05-07T13:04:01","slug":"orologio-uomo-baume-e-mercier-collezione-clifton-baumatic-cassa-mm-40-acciaio-cinturino-pelle-alligatore-nero-quadrante-bianco","status":"publish","type":"product","link":"https:\/\/www.rensiweb.com\/it\/orologio-uomo-baume-e-mercier-collezione-clifton-baumatic-cassa-mm-40-acciaio-cinturino-pelle-alligatore-nero-quadrante-bianco.html","title":{"rendered":"Orologio uomo BAUME e MERCIER &#8211; collezione Clifton Baumatic &#8211; cassa mm.40 Acciaio..."},"content":{"rendered":"<p><strong>Orologio uomo BAUME &amp; MERCIER,\u00a0collezione Clifton Baumatic<\/strong>, cassa in Acciaio Inox o Bicolore, cinturino in pelle di Alligatore.<\/p>\n<p>La Cassa di forma rotonda di 40 mm, con spessore di 11,1 mm.<\/p>\n<p>Movimento <strong>meccanico a carica Automatica<\/strong> di manifattura, con <strong>120 ore di riserva di carica<\/strong> e movimento con <span style=\"text-decoration: underline\">certificazione <\/span><strong><span style=\"text-decoration: underline\">COSC<\/span>.<\/strong><\/p>\n<p><strong>COSC<\/strong> (contr\u00f2le officiel suisse des chronom\u00e9tres) \u00e8 un certificato rilasciato da un ente svizzero esterno alla casa produttrice, che dopo aver testato il movimento nelle varie\u00a0posizioni e temperature, lo certifica (solo nel caso superi tutti i test) come <strong>Cronometro Svizzero.<\/strong><\/p>\n<p>La certificazione<span style=\"text-decoration: underline\"><strong> COSC<\/strong> garantisce quindi l&#8217;elevata qualit\u00e0<\/span>\u00a0del movimento e la sua estrema precisione.<\/p>\n<p><strong>Vetro in zaffiro bombato<\/strong>, nel fondello \u00e8 presente un vetro in zaffiro piatto da dove si puo&#8217; ammirare lo splendido movimento interno.<\/p>\n<p><strong>Orologio Baume &amp; Mercier<\/strong> \u00e8 inoltre garantito per una impermeabilit\u00e0 di 5 ATM (50 m.)<\/p>\n<p>Questi\u00a0<span style=\"text-decoration: underline\">orologi della collezione Clifton<\/span> sono disponibili nelle versioni di quadrante Bianco, Blu sfumato,<\/p>\n<ul>\n<li><strong>Modello M0A10518 : Cassa\u00a0 Acciaio, cinturino Alligatore Nero con fibbia tripla pieghevole e regolabile-movimento COSC &#8211; q<strong>uadrante Bianco.<\/strong><\/strong><\/li>\n<li><strong>Modello M0A10467 : Cassa\u00a0 Acciaio,\u00a0<strong>cinturino Alligatore Nero con fibbia tripla pieghevole e regolabile-movimento COSC &#8211; q<strong>uadrante Blu sfumato.<\/strong><\/strong><\/strong><\/li>\n<li><strong>Modello M0A10519 : Cassa Acciaio, lunetta placcata ros\u00e8,<strong>\u00a0cinturino Alligatore Marrone con fibbia tripla pieghevole e regolabile-movimento COSC &#8211;\u00a0<strong>Quadrante Bianco.<\/strong><\/strong><\/strong><\/li>\n<\/ul>\n<p><strong>Baume &amp; Mercier collezione Clifton<\/strong>, orologi classici ed eleganti dal design raffinato e intramontabile per un utilizzo quotidiano.<\/p>\n<p><strong>Orologi<\/strong> fabbricati in Svizzera con finiture di alta qualita&#8217; dotati di <strong>movimento Baumatic<\/strong>, automatico di manifattura ad elevate prestazioni.<\/p>\n<p><strong><strong> \u00a0<\/strong><\/strong><\/p>\n","protected":false},"excerpt":{"rendered":"<p>Orologio uomo, BAUME e MERCIER, collezione Clifton Baumatic, movimento meccanico Automatico, vetro Zaffiro, resistente all&#8217;acqua 5 ATM (50 m.).<\/p>\n","protected":false},"featured_media":7983,"comment_status":"open","ping_status":"closed","template":"","meta":[],"product_brand":[10],"product_cat":[1994,2038],"product_tag":[],"class_list":{"0":"post-2798","1":"product","2":"type-product","3":"status-publish","4":"has-post-thumbnail","6":"product_brand-baume-e-mercier-orologi-svizzera","7":"product_cat-orologi","8":"product_cat-baume-mercier","10":"first","11":"instock","12":"sale","13":"shipping-taxable","14":"purchasable","15":"product-type-variable"},"exclude_global_add_ons":[],"addons":[],"_links":{"self":[{"href":"https:\/\/www.rensiweb.com\/it\/wp-json\/wp\/v2\/product\/2798","targetHints":{"allow":["GET"]}}],"collection":[{"href":"https:\/\/www.rensiweb.com\/it\/wp-json\/wp\/v2\/product"}],"about":[{"href":"https:\/\/www.rensiweb.com\/it\/wp-json\/wp\/v2\/types\/product"}],"replies":[{"embeddable":true,"href":"https:\/\/www.rensiweb.com\/it\/wp-json\/wp\/v2\/comments?post=2798"}],"wp:featuredmedia":[{"embeddable":true,"href":"https:\/\/www.rensiweb.com\/it\/wp-json\/wp\/v2\/media\/7983"}],"wp:attachment":[{"href":"https:\/\/www.rensiweb.com\/it\/wp-json\/wp\/v2\/media?parent=2798"}],"wp:term":[{"taxonomy":"product_brand","embeddable":true,"href":"https:\/\/www.rensiweb.com\/it\/wp-json\/wp\/v2\/product_brand?post=2798"},{"taxonomy":"product_cat","embeddable":true,"href":"https:\/\/www.rensiweb.com\/it\/wp-json\/wp\/v2\/product_cat?post=2798"},{"taxonomy":"product_tag","embeddable":true,"href":"https:\/\/www.rensiweb.com\/it\/wp-json\/wp\/v2\/product_tag?post=2798"}],"curies":[{"name":"wp","href":"https:\/\/api.w.org\/{rel}","templated":true}]}}