{"id":2594,"date":"2017-11-27T09:52:09","date_gmt":"2017-11-27T08:52:09","guid":{"rendered":"https:\/\/www.rensiweb.com\/bracciale-donna-fope-collezione-prima-flexit-in-oro-bianco-18-kt-con-5-inserti-in-oro-bianco-e-diamanti\/"},"modified":"2026-04-17T11:22:03","modified_gmt":"2026-04-17T09:22:03","slug":"bracciale-donna-fope-collezione-prima-flexit-in-oro-bianco-18-kt-con-5-inserti-in-oro-bianco-e-diamanti","status":"publish","type":"product","link":"https:\/\/www.rensiweb.com\/it\/bracciale-donna-fope-collezione-prima-flexit-in-oro-bianco-18-kt-con-5-inserti-in-oro-bianco-e-diamanti.html","title":{"rendered":"Bracciale donna FOPE Collezione Prima FlexIt in Oro Bianco 18 Kt. con 5 inserti in oro bianco..."},"content":{"rendered":"<p>Bracciale donna FOPE Collezione Prima Flessibile in oro 750\/000 (18 kt.) con 5 inserti in oro bianco con diamanti carati totali ct.0.07<\/p>\n<p>Fope \u00e8 un brand italiano di grandissimo successo al livello Internazionale, \u00e8 l&#8217;ambasciatore di eccellenza del Made in Italy. Spedisce i suoi bellissimi gioielli in pi\u00f9 di <strong>cinquanta paesi del mondo. La Collezione Prima\u00a0 <\/strong>propone gioielli realizzati con una maglia morbida, di un&#8217;eleganza unica. Con questa maglia leggera e inconfondibilmente Fope sono ideati gioielli da indossare singolarmente o da abbinare a piacere. La nuova tecnologia brevettata Flex&#8217;it di Fope da valore aggiunto ai gioielli Fope rendendoli confortevoli e facili da indossare. Infatti basta un semplice gesto per indossare questo meraviglioso gioiello Fope che non ha ganci o chiusure.<\/p>\n<p>Questo modello di bracciale Fope della Collezione Prima con preziosi inserti di diamanti \u00e9 adatto a tutte le donne e ragazze che esigono l&#8217;eleganza e raffinatezza nella quotidianit\u00e0 .<\/p>\n<p>Disponibilit\u00e0 nelle varianti dell&#8217;oro bianco, giallo e ros\u00e9, gli inserti con diamanti rimangono sempre in oro bianco per una maggiore luminosit\u00e0 e brillantezza.<\/p>\n<ul>\n<li><strong>Modello: 74608BX_BB_B_XBX_00M: Bracciale donna Fope Collezione Prima FLEX-IT con maglia estensibile in oro bianco 18 kt. e diamanti ct.0.07\u00a0<\/strong><\/li>\n<li><strong>Modello: 74608BX_BB_G_XBX_00M:\u00a0 Bracciale donna Fope Collezione Prima FLEX-IT con maglia estensibile in oro giallo 18 kt. e diamanti ct.0.07\u00a0<\/strong><\/li>\n<li><strong>Modello: 74608BX_BB_R_XBX_00M:\u00a0 Bracciale donna Fope Collezione Prima FLEX-IT con maglia estensibile in oro rose 18 kt. e diamanti ct.0.07\u00a0<\/strong><\/li>\n<\/ul>\n<p>&nbsp;<\/p>\n<p>&nbsp;<\/p>\n","protected":false},"excerpt":{"rendered":"<p>Bracciale donna FOPE Collezione Prima Flessibile in oro 750\/000 (18 kt .) con 5 inserti in oro bianco con diamanti carati totali ct.0.07.<br \/>\nDisponibile in nelle versioni dell&#8217;oro bianco, giallo e rose in varie misure: dal XS al XL.<\/p>\n","protected":false},"featured_media":7605,"comment_status":"open","ping_status":"closed","template":"","meta":[],"product_brand":[9],"product_cat":[1998,2058],"product_tag":[],"class_list":{"0":"post-2594","1":"product","2":"type-product","3":"status-publish","4":"has-post-thumbnail","6":"product_brand-fope-gioielli-italia","7":"product_cat-gioielli","8":"product_cat-fope","10":"first","11":"outofstock","12":"shipping-taxable","13":"purchasable","14":"product-type-variable"},"exclude_global_add_ons":[],"addons":[],"_links":{"self":[{"href":"https:\/\/www.rensiweb.com\/it\/wp-json\/wp\/v2\/product\/2594","targetHints":{"allow":["GET"]}}],"collection":[{"href":"https:\/\/www.rensiweb.com\/it\/wp-json\/wp\/v2\/product"}],"about":[{"href":"https:\/\/www.rensiweb.com\/it\/wp-json\/wp\/v2\/types\/product"}],"replies":[{"embeddable":true,"href":"https:\/\/www.rensiweb.com\/it\/wp-json\/wp\/v2\/comments?post=2594"}],"wp:featuredmedia":[{"embeddable":true,"href":"https:\/\/www.rensiweb.com\/it\/wp-json\/wp\/v2\/media\/7605"}],"wp:attachment":[{"href":"https:\/\/www.rensiweb.com\/it\/wp-json\/wp\/v2\/media?parent=2594"}],"wp:term":[{"taxonomy":"product_brand","embeddable":true,"href":"https:\/\/www.rensiweb.com\/it\/wp-json\/wp\/v2\/product_brand?post=2594"},{"taxonomy":"product_cat","embeddable":true,"href":"https:\/\/www.rensiweb.com\/it\/wp-json\/wp\/v2\/product_cat?post=2594"},{"taxonomy":"product_tag","embeddable":true,"href":"https:\/\/www.rensiweb.com\/it\/wp-json\/wp\/v2\/product_tag?post=2594"}],"curies":[{"name":"wp","href":"https:\/\/api.w.org\/{rel}","templated":true}]}}