{"id":2590,"date":"2017-11-10T15:52:47","date_gmt":"2017-11-10T14:52:47","guid":{"rendered":"https:\/\/www.rensiweb.com\/bracciale-donna-fope-gioielli-oro-bianco-750-18kt-diamanti-neri-taglia-m\/"},"modified":"2026-04-07T20:51:50","modified_gmt":"2026-04-07T18:51:50","slug":"bracciale-donna-fope-gioielli-oro-bianco-750-18kt-diamanti-neri-taglia-m","status":"publish","type":"product","link":"https:\/\/www.rensiweb.com\/it\/bracciale-donna-fope-gioielli-oro-bianco-750-18kt-diamanti-neri-taglia-m.html","title":{"rendered":"Bracciale donna, FOPE gioielli, Solo Collection, con sistema Flex &#8211; Oro Bianco 750\/000 ..."},"content":{"rendered":"<p><strong>Bracciale donna, FOPE gioielli in Oro Bianco 750\/000 (18 Kt.), Solo Collection, versione Flex&#8217;it&nbsp;(stretch)<\/strong>&nbsp;con Pave di Diamanti Neri, non presenta chiusura per l&#8217;apertura, grazie al sistema di micro molle in Oro, risulta essere elastico e pratico da usare.<\/p>\n<p>Il&nbsp;<strong style=\"font-size: 12.16px;\">sistema Flex&#8217;it, brevetto del Brand FOPE<\/strong>, risulta essere resistente e durevole nel tempo, grazie alla qualit\u00e0 costruttiva del Brand FOPE, l&#8217; indossabilit\u00e0 \u00e8 molto confortevole.<\/p>\n<p>La&nbsp;<strong>collezzione Solo<\/strong>, si ispira ad una delle collezioni best seller del Brand, un design che da sempre distingue le scelte estetiche del&nbsp;<strong>Brand FOPE gioielli<\/strong>, con l&#8217;aggiunta dell&#8217;<strong>innovativo sistema Flex&#8217;it<\/strong>, come in questo caso un decoro centrale&nbsp;<strong>impreziosito da Diamanti a taglio Brillante<\/strong>.<\/p>\n<p>I&nbsp;<strong>bracciali Fope Collezione Solo Pave,<\/strong>&nbsp;hanno la struttura principale di&nbsp;<strong>sezione Rotonda disponibile nelle varianti del oro bianco e oro ros\u00e9 e tre misure : S,M,L.<\/strong><\/p>\n<p>Il prezzo varia in base alla misura.<\/p>\n<ul>\n<li><strong>Modello&nbsp;657BBBRN-WG: Bracciale Oro Bianco 750\/000 (18Kt.) &#8211; Diamanti Neri<\/strong><\/li>\n<li><strong>Modello&nbsp;657BBBRN-RG: Bracciale Oro Rose 750\/000 (18Kt.) &#8211; Diamanti Neri<\/strong><\/li>\n<\/ul>\n<p>&nbsp;<\/p>\n<p><strong>Bracciale donna, FOPE collezione Solo Pave Flex<\/strong>, ti sapr\u00e0 stupire per la sua confortevole indossabilit\u00e0, design semplice e sobrio, decoro presioso con&nbsp;<strong>Diamanti<\/strong>.<\/p>\n","protected":false},"excerpt":{"rendered":"<p>Bracciale donna, FOPE gioielli in Oro Bianco 750\/000 (18 Kt.), Solo Collection, versione Flex&#8217;it. con Pave di Diamanti Neri carati totali ct.0.55.<\/p>\n","protected":false},"featured_media":7582,"comment_status":"","ping_status":"closed","template":"","meta":[],"product_brand":[9],"product_cat":[1998,2058],"product_tag":[],"class_list":{"0":"post-2590","1":"product","2":"type-product","3":"status-publish","4":"has-post-thumbnail","6":"product_brand-fope-gioielli-italia","7":"product_cat-gioielli","8":"product_cat-fope","9":"pa_cf_cat_bracc_orech-cm17","10":"pa_cf_cat_bracc_orech-cm18","12":"first","13":"onbackorder","14":"shipping-taxable","15":"purchasable","16":"product-type-variable"},"exclude_global_add_ons":[],"addons":[],"_links":{"self":[{"href":"https:\/\/www.rensiweb.com\/it\/wp-json\/wp\/v2\/product\/2590","targetHints":{"allow":["GET"]}}],"collection":[{"href":"https:\/\/www.rensiweb.com\/it\/wp-json\/wp\/v2\/product"}],"about":[{"href":"https:\/\/www.rensiweb.com\/it\/wp-json\/wp\/v2\/types\/product"}],"replies":[{"embeddable":true,"href":"https:\/\/www.rensiweb.com\/it\/wp-json\/wp\/v2\/comments?post=2590"}],"wp:featuredmedia":[{"embeddable":true,"href":"https:\/\/www.rensiweb.com\/it\/wp-json\/wp\/v2\/media\/7582"}],"wp:attachment":[{"href":"https:\/\/www.rensiweb.com\/it\/wp-json\/wp\/v2\/media?parent=2590"}],"wp:term":[{"taxonomy":"product_brand","embeddable":true,"href":"https:\/\/www.rensiweb.com\/it\/wp-json\/wp\/v2\/product_brand?post=2590"},{"taxonomy":"product_cat","embeddable":true,"href":"https:\/\/www.rensiweb.com\/it\/wp-json\/wp\/v2\/product_cat?post=2590"},{"taxonomy":"product_tag","embeddable":true,"href":"https:\/\/www.rensiweb.com\/it\/wp-json\/wp\/v2\/product_tag?post=2590"}],"curies":[{"name":"wp","href":"https:\/\/api.w.org\/{rel}","templated":true}]}}