{"id":2471,"date":"2017-08-28T17:59:17","date_gmt":"2017-08-28T15:59:17","guid":{"rendered":"https:\/\/www.rensiweb.com\/orologio-uomo-unisex-daniel-wellington-classic-black-sheffield-nero-cinturino-pelle-cassa-acciaio-rose-d-36\/"},"modified":"2017-08-28T17:59:17","modified_gmt":"2017-08-28T15:59:17","slug":"orologio-uomo-unisex-daniel-wellington-classic-black-sheffield-nero-cinturino-pelle-cassa-acciaio-rose-d-36","status":"publish","type":"product","link":"https:\/\/www.rensiweb.com\/it\/orologio-uomo-unisex-daniel-wellington-classic-black-sheffield-nero-cinturino-pelle-cassa-acciaio-rose-d-36.html","title":{"rendered":"Orologio uomo e unisex, Daniel Wellington, collezione Classic Black Sheffield, quadrante Nero..."},"content":{"rendered":"<div><strong>Orologio uomo e unisex, Daniel Wellington, collezione Classic Black Sheffield<\/strong>, quadrante Nero con Indici in rilievo e stampe, cinturino in Pelle Nera liscia &#8211; Cassa in Acciaio o Acciaio&nbsp;Ros\u00e8, diametro mm.36\/40.<\/div>\n<div><strong>Orologi Daniel Wellington Black<\/strong>, hanno uno stile minimal e Dark, <strong>molto sottili con soli mm.6.2<\/strong> di spessore, e <strong>pesi<\/strong>&nbsp;contenuti, <strong>circa g.34\/42<\/strong>, dotato di <strong>vetro in Cristallo Minerale<\/strong>.<\/div>\n<div>I <strong>cinturini in Pelle possono avere una particolare lavorazione<\/strong>, che li f\u00e0 sembrare vissuti, usati, <span style=\"text-decoration: underline;\">creato intenzionalmente da Daniel Wellington<\/span> per dargli un aspetto pi\u00f9 vintage, questa lavorazione si nota di pi\u00f9 nei colori pi\u00f9 chiari.<\/div>\n<div>L&#8217;<strong>orologio&nbsp;Daniel Wellington,&nbsp;Classic Black Sheffield<\/strong>, \u00e8 Water Resistant <strong>3 bar<\/strong> (30 m.), ma <span style=\"text-decoration: underline;\"><strong>non<\/strong> \u00e8 un orologio adatto all&#8217;utilizzo in acqua<\/span>, infatti \u00e8 stato concepito per <span style=\"text-decoration: underline;\">resistere semplicemente ad una normale pioggia<\/span>.<\/div>\n<div>In particolare lla&nbsp;<strong>collezione Classic Black Sheffield,&nbsp;Daniel Wellington<\/strong>, ha la possibilit\u00e0 di avere i cinturini intercambiabili, potendo scegliere tra alcune varianti e colori, in Pelle o in NATO Nero (tessuto di Nylon).<\/div>\n<ul>\n<li><strong>Modello DW00100139: Orologio quadrante Nero, cinturino Pelle Nero &#8211; Cassa d.36, Acciaio Rose.<\/strong><\/li>\n<li><strong>Modello DW00100145: Orologio quadrante <strong>Nero<\/strong>, cinturino Pelle Nero &#8211; Cassa d.36, Acciaio.<\/strong><\/li>\n<\/ul>\n<ul>\n<li><strong>Modello DW00100127: Orologio quadrante <strong>Nero<\/strong>, cinturino Pelle Nero &#8211; Cassa d.40, Acciaio Rose.<\/strong><\/li>\n<li><strong>Modello DW00100133: Orologio quadrante <strong>Nero<\/strong>, cinturino Pelle Nero &#8211; Cassa d.40, Acciaio.<\/strong><\/li>\n<\/ul>\n<div>&nbsp;<\/div>\n<div>\n<div>Il suo <strong>stile semplice e spartano, si adatta a qualunque evento<\/strong>, un aperitivo con gli amici, giocando a Tennis, a lavoro, per una festa.<\/div>\n<div>Un compagno adatto a molte situazione e stili di una estrema semplicit\u00e0 ed eleganza.<\/div>\n<\/div>\n","protected":false},"excerpt":{"rendered":"<p>Orologio uomo e unisex, Daniel Wellington, collezione Classic Black Sheffield, quadrante Nero con Index, cinturino Pelle Nero &#8211; Cassa Acciaio o Acciaio Rose, diametro mm.36\/40<\/p>\n","protected":false},"featured_media":0,"comment_status":"","ping_status":"closed","template":"","meta":[],"product_brand":[],"product_cat":[2002],"product_tag":[],"class_list":{"0":"post-2471","1":"product","2":"type-product","3":"status-publish","5":"product_cat-prodotti-non-disponibili","7":"first","8":"outofstock","9":"shipping-taxable","10":"purchasable","11":"product-type-simple"},"exclude_global_add_ons":[],"addons":[],"_links":{"self":[{"href":"https:\/\/www.rensiweb.com\/it\/wp-json\/wp\/v2\/product\/2471","targetHints":{"allow":["GET"]}}],"collection":[{"href":"https:\/\/www.rensiweb.com\/it\/wp-json\/wp\/v2\/product"}],"about":[{"href":"https:\/\/www.rensiweb.com\/it\/wp-json\/wp\/v2\/types\/product"}],"replies":[{"embeddable":true,"href":"https:\/\/www.rensiweb.com\/it\/wp-json\/wp\/v2\/comments?post=2471"}],"wp:attachment":[{"href":"https:\/\/www.rensiweb.com\/it\/wp-json\/wp\/v2\/media?parent=2471"}],"wp:term":[{"taxonomy":"product_brand","embeddable":true,"href":"https:\/\/www.rensiweb.com\/it\/wp-json\/wp\/v2\/product_brand?post=2471"},{"taxonomy":"product_cat","embeddable":true,"href":"https:\/\/www.rensiweb.com\/it\/wp-json\/wp\/v2\/product_cat?post=2471"},{"taxonomy":"product_tag","embeddable":true,"href":"https:\/\/www.rensiweb.com\/it\/wp-json\/wp\/v2\/product_tag?post=2471"}],"curies":[{"name":"wp","href":"https:\/\/api.w.org\/{rel}","templated":true}]}}