{"id":2415,"date":"2017-08-25T17:03:59","date_gmt":"2017-08-25T15:03:59","guid":{"rendered":"https:\/\/www.rensiweb.com\/anello-donna-fope-collezione-vendome-flexit-oro-bianco-18-kt-con-inserto-in-diamanti\/"},"modified":"2026-04-07T20:50:00","modified_gmt":"2026-04-07T18:50:00","slug":"anello-donna-fope-collezione-vendome-flexit-oro-bianco-18-kt-con-inserto-in-diamanti","status":"publish","type":"product","link":"https:\/\/www.rensiweb.com\/it\/anello-donna-fope-collezione-vendome-flexit-oro-bianco-18-kt-con-inserto-in-diamanti.html","title":{"rendered":"Anello donna FOPE collezione Vendome FlexIt &#8211; Oro Bianco 18 Kt con inserto in Diamanti..."},"content":{"rendered":"<div><\/div>\n<div><\/div>\n<div><strong>Anello donna FOPE Collezione Vendome Flex&#8217;it in oro bianco 750\/000 18 kt. con inserto in oro bianco con diamanti di carati totali ct.0.10<\/strong><\/div>\n<div><\/div>\n<div><strong>FOPE<\/strong>\u00a0\u00e8 un&#8217;azienda orafa italiana,<strong> un marchio Internazionale di gioielleria<\/strong>, una tradizione in continua evoluzione, oggi<strong> Fope<\/strong> spedisce i suoi preziosi gioielli<strong> in oltre 55 paesi,<\/strong> un vero e proprio ambasciatore del <strong>Made in Italy<\/strong> nel modo.<\/div>\n<div>Il famoso<strong> brand Fope<\/strong> presenta la <strong>Collezione Vendome.<\/strong> Una collezione ispirata all&#8217;incantevole <strong>piazza parigina Vendome<\/strong> simbolo del lusso e dell&#8217;eleganza. Nel tempo questa collezione \u00e9 diventata una linea ricca di modelli e varianti mantenendo le caratteristiche iniziale che le hanno portato un enorme successo: lusso ed eleganza.<\/div>\n<div><\/div>\n<div>Questo<strong> modello di anello Fope della Collezione Vendome<\/strong> \u00e8 caratterizzato da una maglia ovale realizzata in oro 18kt. impreziosita da diamanti naturali bianchi. Presenta il <strong>sistema FLEX&#8217;IT, un sistema brevettato Fope<\/strong> formato da micro molle interne realizzate in oro 18kt. che rendono la maglia elasticizzata. Da questo tipo di maglia estensibile nascono gioielli preziosi di una vestibilit\u00e0 confortevole che vestono pi\u00f9 taglie e regalano un concetto di praticit\u00e0 unico, esaltando al massimo la qualit\u00e0 tipica del marchio<strong> FOPE.<\/strong><\/div>\n<div><\/div>\n<div>Disponibile nelle varianti: Oro Bianco, Oro Giallo, Oro Rose. L&#8217;inserto con diamanti rimane in oro bianco anche nelle versioni del Oro Giallo e Oro ros\u00e9 per esaltare al massimo la luminosit\u00e0 dei diamanti.<\/div>\n<div>\n<ul>\n<li><strong>Modello: 55902AX_BB_B_XBX_00M: Anello donna Fope Collezione Vendome FLEX-IT con maglia estensibile in oro bianco 18 kt. e diamanti ct.0.10<\/strong><\/li>\n<li><strong>Modello: 55902AX_BB_G_XBX_00M: Anello donna Fope Collezione <strong>Vendome\u00a0<\/strong>FLEX-IT con maglia estensibile in oro giallo 18 kt. e diamanti ct.0.10\u00a0<\/strong><\/li>\n<li><strong>Modello: 55902AX_BB_R_XBX_00M: Anello donna Fope Collezione <strong>Vendome <\/strong>FLEX-IT con maglia estensibile in oro ros\u00e9 18 kt. e diamanti ct.0.10<\/strong><\/li>\n<\/ul>\n<p>&nbsp;<\/p>\n<p>&nbsp;<\/p>\n<\/div>\n<div><\/div>\n","protected":false},"excerpt":{"rendered":"<p>Anello donna FOPE Collezione Vendome Flex&#8217;it in oro bianco 750\/000(18 kt. ) con inserto in oro bianco con diamanti di carati totali ct.0.10.<br \/>\nDisponibile in nelle versioni dell&#8217;oro bianco, giallo e rose, varie misure: dal XS al XL.<\/p>\n","protected":false},"featured_media":7475,"comment_status":"open","ping_status":"closed","template":"","meta":[],"product_brand":[9],"product_cat":[1998,2058],"product_tag":[],"class_list":{"0":"post-2415","1":"product","2":"type-product","3":"status-publish","4":"has-post-thumbnail","6":"product_brand-fope-gioielli-italia","7":"product_cat-gioielli","8":"product_cat-fope","10":"first","11":"instock","12":"shipping-taxable","13":"purchasable","14":"product-type-variable"},"exclude_global_add_ons":[],"addons":[],"_links":{"self":[{"href":"https:\/\/www.rensiweb.com\/it\/wp-json\/wp\/v2\/product\/2415","targetHints":{"allow":["GET"]}}],"collection":[{"href":"https:\/\/www.rensiweb.com\/it\/wp-json\/wp\/v2\/product"}],"about":[{"href":"https:\/\/www.rensiweb.com\/it\/wp-json\/wp\/v2\/types\/product"}],"replies":[{"embeddable":true,"href":"https:\/\/www.rensiweb.com\/it\/wp-json\/wp\/v2\/comments?post=2415"}],"wp:featuredmedia":[{"embeddable":true,"href":"https:\/\/www.rensiweb.com\/it\/wp-json\/wp\/v2\/media\/7475"}],"wp:attachment":[{"href":"https:\/\/www.rensiweb.com\/it\/wp-json\/wp\/v2\/media?parent=2415"}],"wp:term":[{"taxonomy":"product_brand","embeddable":true,"href":"https:\/\/www.rensiweb.com\/it\/wp-json\/wp\/v2\/product_brand?post=2415"},{"taxonomy":"product_cat","embeddable":true,"href":"https:\/\/www.rensiweb.com\/it\/wp-json\/wp\/v2\/product_cat?post=2415"},{"taxonomy":"product_tag","embeddable":true,"href":"https:\/\/www.rensiweb.com\/it\/wp-json\/wp\/v2\/product_tag?post=2415"}],"curies":[{"name":"wp","href":"https:\/\/api.w.org\/{rel}","templated":true}]}}