{"id":2412,"date":"2017-08-25T16:34:25","date_gmt":"2017-08-25T14:34:25","guid":{"rendered":"https:\/\/www.rensiweb.com\/orecchini-donna-fope-collezione-solo-oro-bianco-750-000-18-kt-pave-diamanti\/"},"modified":"2025-03-29T11:57:18","modified_gmt":"2025-03-29T10:57:18","slug":"orecchini-donna-fope-collezione-solo-oro-bianco-750-000-18-kt-pave-diamanti","status":"publish","type":"product","link":"https:\/\/www.rensiweb.com\/it\/orecchini-donna-fope-collezione-solo-oro-bianco-750-000-18-kt-pave-diamanti.html","title":{"rendered":"Orecchini donna FOPE collezione Solo &#8211; Oro Bianco 750\/000 (18 Kt.) &#8211; pave Diamant..."},"content":{"rendered":"<div><strong>\u00a0Orecchini donna, FOPE collezione Solo , oro 750\/000 (18 Kt.) e pav\u00e9 diamanti di carati totali ct.0.22<\/strong><\/div>\n<div>\n<div><\/div>\n<div><strong>FOPE<\/strong>\u00a0\u00e8 un&#8217;azienda orafa italiana,<strong> un marchio Internazionale di gioielleria<\/strong>, una tradizione in continua evoluzione, oggi<strong> Fope<\/strong> spedisce i suoi preziosi gioielli<strong> in oltre 55 paesi,<\/strong> un vero e proprio ambasciatore del <strong>Made in Italy<\/strong> nel modo.<\/div>\n<div><\/div>\n<div>Il grandissimo successo di <strong>Fope<\/strong> nel mondo \u00e8 dovuto a una serie di caratteristiche tipiche del marchio. Innanzitutto la qualit\u00e0 del prodotto, poi una perfetta combinazione di artigianalit\u00e0 e nuove tecnologie Made in Italy, un design del tutto riconoscibile e non per ultimo una stretta relazione con i suoi clienti.<\/div>\n<\/div>\n<div>\n<div><\/div>\n<div>Questo modello di orecchini fanno parte della <strong>Collezione Solo<\/strong> che si ispira ad una delle collezioni best seller del Brand, con un design che da sempre distingue le scelte estetiche del <strong>Brand FOPE gioielli.<\/strong> Sono realizzati in<strong> Oro a titolo 750\/000 (18 kt.)<\/strong>, nelle varianti del<strong> Bianco, Giallo, Rosso, <\/strong>con l&#8217;aggiunta di un decoro centrale in oro bianco impreziosito da<strong> Diamanti a taglio Brillante.<\/strong><\/div>\n<div>Gli orecchini<strong> Fope collezione Solo Pav\u00e9,<\/strong> hanno la struttura principale di <strong>sezione Rotonda<\/strong> con diametro esterno di 15,4 mm. diametro interno mm.8.8 e un peso indicativo di gr 7.30. Provvisto con una pratica e sicura chiusura perno e clips.<\/div>\n<div>\n<ul>\n<li><strong>Modello 65206OX_PB_W_XBX: Orecchini Oro 750\/000, Diamanti tot. di +- ct. 0.22 &#8211; Oro Bianco.<\/strong><\/li>\n<li><strong>Modello 65206OX_PB_G_XBX: <strong>Orecchini <\/strong> Oro 750\/000, Diamanti tot. di +- ct. 0.22 &#8211; Oro Giallo.<\/strong><\/li>\n<li><strong>Modello 65206OX_PB_R_XBX: Orecchini Oro 750\/000, Diamanti tot. di +- ct. 0.22 &#8211; Oro Rosso.<\/strong><\/li>\n<\/ul>\n<div><strong>\u00a0<\/strong><\/div>\n<\/div>\n<\/div>\n<div><strong>\u00a0<\/strong><\/div>\n<div><strong>Orecchini donna, FOPE collezione Solo Pav\u00e9<\/strong>, dal design semplice ed elegante con un prezioso decoro centrale di\u00a0<strong>Diamanti<\/strong> per far brillare il tuo look quotidiano.<\/div>\n","protected":false},"excerpt":{"rendered":"<p>Orecchini donna, FOPE collezione Solo, Oro 750\/000 (18 kt.) e pav\u00e9 di Diamanti di caratura totale ct.0.22.<br \/>\ndisponibile nelle varianti Oro bianco, Oro giallo, Oro ros\u00e9.<\/p>\n","protected":false},"featured_media":7463,"comment_status":"open","ping_status":"closed","template":"","meta":[],"product_brand":[9],"product_cat":[1998,2058],"product_tag":[],"class_list":{"0":"post-2412","1":"product","2":"type-product","3":"status-publish","4":"has-post-thumbnail","6":"product_brand-fope-gioielli-italia","7":"product_cat-gioielli","8":"product_cat-fope","10":"first","11":"outofstock","12":"shipping-taxable","13":"purchasable","14":"product-type-variable"},"exclude_global_add_ons":[],"addons":[],"_links":{"self":[{"href":"https:\/\/www.rensiweb.com\/it\/wp-json\/wp\/v2\/product\/2412","targetHints":{"allow":["GET"]}}],"collection":[{"href":"https:\/\/www.rensiweb.com\/it\/wp-json\/wp\/v2\/product"}],"about":[{"href":"https:\/\/www.rensiweb.com\/it\/wp-json\/wp\/v2\/types\/product"}],"replies":[{"embeddable":true,"href":"https:\/\/www.rensiweb.com\/it\/wp-json\/wp\/v2\/comments?post=2412"}],"wp:featuredmedia":[{"embeddable":true,"href":"https:\/\/www.rensiweb.com\/it\/wp-json\/wp\/v2\/media\/7463"}],"wp:attachment":[{"href":"https:\/\/www.rensiweb.com\/it\/wp-json\/wp\/v2\/media?parent=2412"}],"wp:term":[{"taxonomy":"product_brand","embeddable":true,"href":"https:\/\/www.rensiweb.com\/it\/wp-json\/wp\/v2\/product_brand?post=2412"},{"taxonomy":"product_cat","embeddable":true,"href":"https:\/\/www.rensiweb.com\/it\/wp-json\/wp\/v2\/product_cat?post=2412"},{"taxonomy":"product_tag","embeddable":true,"href":"https:\/\/www.rensiweb.com\/it\/wp-json\/wp\/v2\/product_tag?post=2412"}],"curies":[{"name":"wp","href":"https:\/\/api.w.org\/{rel}","templated":true}]}}