{"id":2392,"date":"2017-08-21T18:15:38","date_gmt":"2017-08-21T16:15:38","guid":{"rendered":"https:\/\/www.rensiweb.com\/bracciale-donna-fope-collezione-eka-con-flexit-sistem-oro-bianco-18-kt\/"},"modified":"2024-03-26T12:15:47","modified_gmt":"2024-03-26T11:15:47","slug":"bracciale-donna-fope-collezione-eka-con-flexit-sistem-oro-bianco-18-kt","status":"publish","type":"product","link":"https:\/\/www.rensiweb.com\/it\/bracciale-donna-fope-collezione-eka-con-flexit-sistem-oro-bianco-18-kt.html","title":{"rendered":"Bracciale donna FOPE collezione Eka con FlexIt sistem &#8211; Oro Bianco 18 Kt..."},"content":{"rendered":"<div><\/div>\n<div>\u00a0Bracciale donna<strong> FOPE Collezione Eka<\/strong> con maglia del <strong>spessore diametro 6.3<\/strong>, con <strong>sistema Flex&#8217;it<\/strong> (flessibile) in<strong> oro 750\/000 (18 kt)<\/strong> con rondella in oro.<\/div>\n<div><\/div>\n<div>Il noto brand<strong> Fope<\/strong> con la <strong>Collezione Eka<\/strong>\u00a0ha cambiato il modo di indossare i bracciali eliminando la classica chiusura. La<strong> Collezione Eka<\/strong> presenta i primi bracciali con il sistema brevettato <strong>FLEX&#8217;IT<\/strong> di<strong> FOPE. FLEX&#8217;IT<\/strong> un sistema innovativo a base di <strong>micro molle realizzate in oro 18 kt unico al mondo<\/strong>. La<strong> Collezione Eka di Fope<\/strong> ricca di gioielli propone non solo i bracciali ma anche collane, orecchini, anelli da abbinare e mischiare tra le varianti del oro bianco, giallo e ros\u00e9 e<strong> i quattro diversi spessori<\/strong>\u00a0della maglia.<\/div>\n<div><\/div>\n<div>\n<div>\n<div>\n<p>I bracciali delle Collezione Eka si distinguono per la loro eleganza e praticit\u00e0. Realizzati con materiali di alta qualit\u00e0, questi gioielli unici combinano stile e funzionalit\u00e0 in modo sorprendente. Indossare i bracciali Fope\u00a0 non \u00e8 solo un&#8217;esperienza di moda, ma anche un&#8217;affermazione di raffinatezza e modernit\u00e0. Con la loro bellezza senza tempo e la tecnologia all&#8217;avanguardia di FOPE, i bracciali della Collezione Eka si rivelano un complemento perfetto per ogni occasione.<\/p>\n<\/div>\n<\/div>\n<\/div>\n<div>Disponibile nelle versioni del oro bianco, giallo e ros\u00e9.<\/div>\n<div>\n<ul>\n<li><strong>Modello 70405BX_XX_B_XBX_00M: Bracciale donna Fope Collezione Eka FLEX-IT con maglia estensibile in oro bianco 18 kt\u00a0 con rondella in oro.<\/strong><\/li>\n<li><strong>Modello 70405BX_XX_R_XBX_00M:\u00a0 Bracciale donna Fope Collezione Eka FLEX-IT con maglia estensibile in oro ros\u00e8 18 kt\u00a0 con rondella in oro.<\/strong><\/li>\n<li><strong>Modello 70405BX_XX_G_XBX_00M:\u00a0 Bracciale donna Fope Collezione Eka FLEX-IT con maglia estensibile in oro giallo 18 kt\u00a0 con rondella in oro.<\/strong><\/li>\n<\/ul>\n<\/div>\n<div><\/div>\n","protected":false},"excerpt":{"rendered":"<p>Bracciale donna FOPE Collezione Eka maglia diametro <strong>6.3 mm<\/strong>. Flessibile in oro 18 kt con rondella in oro. Misura <strong>M<\/strong>. Disponibile nelle varianti di colore oro bianco, oro rose e giallo e misure dal XS al XL.<\/p>\n","protected":false},"featured_media":7451,"comment_status":"open","ping_status":"closed","template":"","meta":[],"product_brand":[9],"product_cat":[1998,2058],"product_tag":[],"class_list":{"0":"post-2392","1":"product","2":"type-product","3":"status-publish","4":"has-post-thumbnail","6":"product_brand-fope-gioielli-italia","7":"product_cat-gioielli","8":"product_cat-fope","10":"first","11":"outofstock","12":"shipping-taxable","13":"purchasable","14":"product-type-variable"},"exclude_global_add_ons":[],"addons":[],"_links":{"self":[{"href":"https:\/\/www.rensiweb.com\/it\/wp-json\/wp\/v2\/product\/2392","targetHints":{"allow":["GET"]}}],"collection":[{"href":"https:\/\/www.rensiweb.com\/it\/wp-json\/wp\/v2\/product"}],"about":[{"href":"https:\/\/www.rensiweb.com\/it\/wp-json\/wp\/v2\/types\/product"}],"replies":[{"embeddable":true,"href":"https:\/\/www.rensiweb.com\/it\/wp-json\/wp\/v2\/comments?post=2392"}],"wp:featuredmedia":[{"embeddable":true,"href":"https:\/\/www.rensiweb.com\/it\/wp-json\/wp\/v2\/media\/7451"}],"wp:attachment":[{"href":"https:\/\/www.rensiweb.com\/it\/wp-json\/wp\/v2\/media?parent=2392"}],"wp:term":[{"taxonomy":"product_brand","embeddable":true,"href":"https:\/\/www.rensiweb.com\/it\/wp-json\/wp\/v2\/product_brand?post=2392"},{"taxonomy":"product_cat","embeddable":true,"href":"https:\/\/www.rensiweb.com\/it\/wp-json\/wp\/v2\/product_cat?post=2392"},{"taxonomy":"product_tag","embeddable":true,"href":"https:\/\/www.rensiweb.com\/it\/wp-json\/wp\/v2\/product_tag?post=2392"}],"curies":[{"name":"wp","href":"https:\/\/api.w.org\/{rel}","templated":true}]}}