{"id":2390,"date":"2017-08-21T18:03:20","date_gmt":"2017-08-21T16:03:20","guid":{"rendered":"https:\/\/www.rensiweb.com\/bracciale-unisex-fope-collezione-eka-flex-it-oro-bianco-18-kt-con-rondella-con-diamanti-bianchi-e-neri-ct-0-24\/"},"modified":"2024-03-29T10:14:21","modified_gmt":"2024-03-29T09:14:21","slug":"bracciale-unisex-fope-collezione-eka-flex-it-oro-bianco-18-kt-con-rondella-con-diamanti-bianchi-e-neri-ct-0-24","status":"publish","type":"product","link":"https:\/\/www.rensiweb.com\/it\/bracciale-unisex-fope-collezione-eka-flex-it-oro-bianco-18-kt-con-rondella-con-diamanti-bianchi-e-neri-ct-0-24.html","title":{"rendered":"Bracciale unisex FOPE Collezione Eka Flex-it &#8211; Oro Bianco 18 Kt. con rondella con Diama..."},"content":{"rendered":"<div><\/div>\n<div>\n<p><strong>Bracciale unisex FOPE Collezione Eka flessibile interamente realizzato in oro 18 carati, con rondella in oro e pav\u00e9 di diamanti neri per carati totali ct. 0.24.<\/strong><\/p>\n<p><strong>Fope<\/strong> con la<strong> Collezione Eka<\/strong> ha reso la vestibilit\u00e0 dei bracciali: facile, sicura e confortevole grazie al <strong>sistema brevettato Flex&#8217;it (una metodologia di piccole molle realizzate in oro all&#8217;interno dei componenti della maglia)<\/strong>. Il brand italiano di gioielleria<strong> FOPE\u00a0<\/strong>con accurata attenzione porta il<strong> Made in Italy<\/strong> ad alti livelli qualificativi e la sua innovazione tecnologica viene apprezzata in tutto il mondo. La qualit\u00e0 dei gioielli Fope e certificata RJC (organizzazione internazionale Responsabile Jewellery Council) e la sua originalit\u00e0 \u00e8 coperta da brevetti internazionali.<\/p>\n<p>I bracciali <strong>Fope<\/strong> della <strong>Collezione Eka<\/strong>\u00a0sono realizzati in <strong>oro 750\/000 (18 Kt) <\/strong>la maglia disponibile in numerose varianti stilistiche, compone una gamma versatile, perfetta per chi ama giocare con i volumi e colori dei gioielli che indossa.<\/p>\n<p>Questo modello di bracciale <strong>Fope collezione Eka<\/strong> presenta una maglia flessibile, morbida, impreziosita con un inserto raffinato di pav\u00e9 di diamanti neri che ruota su se stesso. La dimensione contenuta della maglia circa 5.4 mm, ha un peso circa di gr. 15.9, la misura<strong> M<\/strong> corrisponde ad un polso normale che varia tra il 18\/19 cm.<\/p>\n<p><strong>\u00a0Il design sobrio e senza tempo rende questo bracciale adatto a qualsiasi polso ed esprime eleganza e raffinatezza in ogni occasione.<\/strong><\/p>\n<ul>\n<li><strong>Modello 72210BX_PN_B_X1X_00M: Bracciale unisex Fope Collezione Eka FLEX-IT con maglia estensibile in oro Bianco 18 kt\u00a0 con rondella in oro e diamanti neri<\/strong><\/li>\n<li><strong>Modello 72210BX_PN_R_X1X_00M: Bracciale unisex Fope Collezione Eka FLEX-IT con maglia estensibile in oro Rose 18 kt\u00a0 con rondella in oro e diamanti neri<\/strong><\/li>\n<li><strong>Modello 72210BX_PN_G_X1X_00M: Bracciale unisex Fope Collezione Eka FLEX-IT con maglia estensibile in oro Giallo 18 kt\u00a0 con rondella in oro e diamanti neri<\/strong><\/li>\n<\/ul>\n<p>&nbsp;<\/p>\n<p>&nbsp;<\/p>\n<\/div>\n","protected":false},"excerpt":{"rendered":"<p>Bracciale unisex FOPE Collezione Eka Flex-it, con maglia diametro 5.4 mm, flessibile in oro 18 Kt. con rondella in oro e diamanti neri ct. 0.24. Disponibile nelle versioni Oro giallo, bianco e ros\u00e9 nelle misure: S, M, L.<\/p>\n","protected":false},"featured_media":7444,"comment_status":"open","ping_status":"closed","template":"","meta":[],"product_brand":[9],"product_cat":[1998,2058],"product_tag":[],"class_list":{"0":"post-2390","1":"product","2":"type-product","3":"status-publish","4":"has-post-thumbnail","6":"product_brand-fope-gioielli-italia","7":"product_cat-gioielli","8":"product_cat-fope","10":"first","11":"outofstock","12":"shipping-taxable","13":"purchasable","14":"product-type-variable"},"exclude_global_add_ons":[],"addons":[],"_links":{"self":[{"href":"https:\/\/www.rensiweb.com\/it\/wp-json\/wp\/v2\/product\/2390","targetHints":{"allow":["GET"]}}],"collection":[{"href":"https:\/\/www.rensiweb.com\/it\/wp-json\/wp\/v2\/product"}],"about":[{"href":"https:\/\/www.rensiweb.com\/it\/wp-json\/wp\/v2\/types\/product"}],"replies":[{"embeddable":true,"href":"https:\/\/www.rensiweb.com\/it\/wp-json\/wp\/v2\/comments?post=2390"}],"wp:featuredmedia":[{"embeddable":true,"href":"https:\/\/www.rensiweb.com\/it\/wp-json\/wp\/v2\/media\/7444"}],"wp:attachment":[{"href":"https:\/\/www.rensiweb.com\/it\/wp-json\/wp\/v2\/media?parent=2390"}],"wp:term":[{"taxonomy":"product_brand","embeddable":true,"href":"https:\/\/www.rensiweb.com\/it\/wp-json\/wp\/v2\/product_brand?post=2390"},{"taxonomy":"product_cat","embeddable":true,"href":"https:\/\/www.rensiweb.com\/it\/wp-json\/wp\/v2\/product_cat?post=2390"},{"taxonomy":"product_tag","embeddable":true,"href":"https:\/\/www.rensiweb.com\/it\/wp-json\/wp\/v2\/product_tag?post=2390"}],"curies":[{"name":"wp","href":"https:\/\/api.w.org\/{rel}","templated":true}]}}