{"id":2387,"date":"2017-08-21T17:32:18","date_gmt":"2017-08-21T15:32:18","guid":{"rendered":"https:\/\/www.rensiweb.com\/bracciale-donna-fope-collezione-vendome-flexit-in-oro-bianco-18-kt-con-inserto-in-diamanti\/"},"modified":"2026-04-17T11:21:58","modified_gmt":"2026-04-17T09:21:58","slug":"bracciale-donna-fope-collezione-vendome-flexit-in-oro-bianco-18-kt-con-inserto-in-diamanti","status":"publish","type":"product","link":"https:\/\/www.rensiweb.com\/it\/bracciale-donna-fope-collezione-vendome-flexit-in-oro-bianco-18-kt-con-inserto-in-diamanti.html","title":{"rendered":"Bracciale donna FOPE Collezione Vendome FlexIt in Oro 18 Kt. con inserto in Diamanti..."},"content":{"rendered":"<div><\/div>\n<div>\n<div><\/div>\n<div><strong>Bracciale donna FOPE Collezione Vendome Flex&#8217;it in oro 750\/000 18 kt. con inserto in oro bianco con diamanti di carati totali ct.0.10<\/strong><\/div>\n<div><\/div>\n<\/div>\n<div><\/div>\n<div><strong>FOPE<\/strong>\u00a0\u00e8 un&#8217;azienda orafa italiana,<strong> un marchio Internazionale di gioielleria<\/strong>, una tradizione in continua evoluzione, oggi<strong> Fope<\/strong> spedisce i suoi preziosi gioielli<strong> in oltre 55 paesi,<\/strong> un vero e proprio ambasciatore del <strong>Made in Italy<\/strong> nel modo.<\/div>\n<div>I maestri orafi vicentini hanno cercano l&#8217;ispirazione nella famosa piazza parigina Vendome per creare una linea di preziosi gioielli sotto il simbolo del lusso e dell&#8217;eleganza parigina. La Collezione prende il nome dell&#8217;incantevole piazza parigina: <strong>VENDOME .<\/strong> I favolosi gioielli della <strong>Collezione Vendome<\/strong> esaltano al massimo le caratteristiche tipiche di Fope: <strong>innovazione, qualit\u00e0 e massima eleganza.<\/strong><\/div>\n<div>Questo modello di bracciale<strong> Fope \u00e8 realizzato in oro 750\/000<\/strong> . La sua maglia estensibile, impreziosita con un elemento in oro con <strong>pav\u00e9 di diamanti naturali<\/strong> donano eleganza e confort assoluto.<\/div>\n<div>Il sistema<strong> Flex&#8217;it<\/strong> di cui \u00e8 dotato questo bracciale \u00e8 un <strong>brevetto Fope<\/strong> e consiste in micro molle interne realizzate in oro che rendono la maglia dei gioielli Fope morbida e incredibilmente elastica. Un capolavoro di oreficeria e di ingegneria senza paragone nel mondo della gioielleria.<\/div>\n<div>\n<div><\/div>\n<div>Questo modello \u00e8 disponibile nelle varianti: Oro Bianco, Oro Giallo, Oro Ros\u00e9. L&#8217;inserto in oro con diamanti mantiene il colore bianco anche nelle versioni del Oro Giallo e Oro Ros\u00e9 per esaltare al massimo la luminosit\u00e0 dei diamanti.<\/div>\n<div><\/div>\n<div>Bracciale donna, <strong>FOPE gioielli\u00a0 (made in Italy),Collezione Vendome<\/strong>, un gioiello prezioso e confortevole, un autentico classico senza tempo adatto per qualsiasi momento della giornata.<\/div>\n<ul>\n<li><strong>Modello: 56002BX_BB_B_XBX_00M: Bracciale donna Fope Collezione Vendome FLEX-IT con maglia estensibile in oro bianco 18 kt. e diamanti ct.0.10<\/strong><\/li>\n<li><strong>Modello: 56002BX_BB_G_XBX_00M:\u00a0<strong> Bracciale\u00a0<\/strong>donna Fope Collezione <strong>Vendome\u00a0<\/strong>FLEX-IT con maglia estensibile in oro giallo 18 kt. e diamanti ct.0.10\u00a0<\/strong><\/li>\n<li><strong>Modello: 56002BX_BB_R_XBX_00M: <strong>Bracciale<\/strong> donna Fope Collezione\u00a0<strong>Vendome\u00a0<\/strong>FLEX-IT con maglia estensibile in oro ros\u00e9 18 kt. e diamanti ct.0.10<\/strong><\/li>\n<\/ul>\n<div>\n<p>&nbsp;<\/p>\n<p>&nbsp;<\/p>\n<\/div>\n<\/div>\n","protected":false},"excerpt":{"rendered":"<p>Bracciale donna FOPE Collezione Vendome Flex&#8217;it in oro 750\/000(18 kt. ) con inserto in oro bianco con diamanti di carati totali ct.0.10.<br \/>\nDisponibile in nelle varianti: oro bianco, giallo e rose. misure disponibile su richiesta: dal XS al XL. <strong>Misura M<\/strong><\/p>\n","protected":false},"featured_media":7412,"comment_status":"open","ping_status":"closed","template":"","meta":[],"product_brand":[9],"product_cat":[1998,2058],"product_tag":[],"class_list":{"0":"post-2387","1":"product","2":"type-product","3":"status-publish","4":"has-post-thumbnail","6":"product_brand-fope-gioielli-italia","7":"product_cat-gioielli","8":"product_cat-fope","10":"first","11":"instock","12":"shipping-taxable","13":"purchasable","14":"product-type-variable"},"exclude_global_add_ons":[],"addons":[],"_links":{"self":[{"href":"https:\/\/www.rensiweb.com\/it\/wp-json\/wp\/v2\/product\/2387","targetHints":{"allow":["GET"]}}],"collection":[{"href":"https:\/\/www.rensiweb.com\/it\/wp-json\/wp\/v2\/product"}],"about":[{"href":"https:\/\/www.rensiweb.com\/it\/wp-json\/wp\/v2\/types\/product"}],"replies":[{"embeddable":true,"href":"https:\/\/www.rensiweb.com\/it\/wp-json\/wp\/v2\/comments?post=2387"}],"wp:featuredmedia":[{"embeddable":true,"href":"https:\/\/www.rensiweb.com\/it\/wp-json\/wp\/v2\/media\/7412"}],"wp:attachment":[{"href":"https:\/\/www.rensiweb.com\/it\/wp-json\/wp\/v2\/media?parent=2387"}],"wp:term":[{"taxonomy":"product_brand","embeddable":true,"href":"https:\/\/www.rensiweb.com\/it\/wp-json\/wp\/v2\/product_brand?post=2387"},{"taxonomy":"product_cat","embeddable":true,"href":"https:\/\/www.rensiweb.com\/it\/wp-json\/wp\/v2\/product_cat?post=2387"},{"taxonomy":"product_tag","embeddable":true,"href":"https:\/\/www.rensiweb.com\/it\/wp-json\/wp\/v2\/product_tag?post=2387"}],"curies":[{"name":"wp","href":"https:\/\/api.w.org\/{rel}","templated":true}]}}