{"id":23846,"date":"2023-11-07T11:13:49","date_gmt":"2023-11-07T10:13:49","guid":{"rendered":"https:\/\/www.rensiweb.com\/.html?post_type=product&#038;p=23846"},"modified":"2026-05-07T11:19:45","modified_gmt":"2026-05-07T09:19:45","slug":"collana-damiani-d-icon-oro-rose-e-diamanti","status":"publish","type":"product","link":"https:\/\/www.rensiweb.com\/it\/collana-damiani-d-icon-oro-rose-e-diamanti.html","title":{"rendered":"Collana Damiani D.ICON Oro Rose e Diamanti..."},"content":{"rendered":"<p>Collana Damiani D.ICON Oro Rose e Diamanti<\/p>\n<p>L&#8217;oro e i diamanti naturali che impreziosiscono i gioielli <strong>D-Icon<\/strong> donano carattere e pregio a questi meravigliosi gioielli <strong>Made in Italy.\u00a0<\/strong><\/p>\n<p>I gioielli della collezione <strong>D-Icon di Damiani<\/strong>\u00a0costituiscono un accessorio essenziale nella gioielleria della <strong>Maison<\/strong> orafa, declinati in diverse varianti nelle varie collezioni: creazioni preziose ed espressione di massima artigianalit\u00e0, di raffinata eleganza, modernit\u00e0 e lussuosa eccellenza.<\/p>\n<p>Questo modello di collana \u00e8 realizzata in oro ros\u00e9 18 kt con inserti D in oro bianco con pav\u00e9 di diamanti. La catena in oro ros\u00e9 18kt misura 50 cm regolabile a 40.<\/p>\n<p>Un gioiello unico e irrepetibile, completamente in grado di soddisfare appieno il gusto e il glamour di ogni donna.<\/p>\n<ul>\n<li><strong>Modello 20047337\u00a0 : Collana Damiani D-ICON in Oro <b>Ros\u00e9<\/b> con inserti in Oro Bianco 18kt. e Diamante carati 0. 13 colore H.<\/strong><\/li>\n<\/ul>\n<p>&nbsp;<\/p>\n","protected":false},"excerpt":{"rendered":"<p>Collana Damiani D.ICON Oro Rose e Diamanti<\/p>\n<p>Collana in oro ros\u00e9 18kt. con inserti in oro bianco e pav\u00e9 di diamanti ct.0.13, lunghezza catena 50\/40<\/p>\n","protected":false},"featured_media":23852,"comment_status":"open","ping_status":"closed","template":"","meta":[],"product_brand":[4],"product_cat":[2097,1998,2024,2006],"product_tag":[],"class_list":{"0":"post-23846","1":"product","2":"type-product","3":"status-publish","4":"has-post-thumbnail","6":"product_brand-damiani-gioielli-orologi-italia","7":"product_cat-senza-categoria","8":"product_cat-gioielli","9":"product_cat-outlet","10":"product_cat-damiani","12":"first","13":"instock","14":"sale","15":"shipping-taxable","16":"purchasable","17":"product-type-simple"},"exclude_global_add_ons":[],"addons":[],"_links":{"self":[{"href":"https:\/\/www.rensiweb.com\/it\/wp-json\/wp\/v2\/product\/23846","targetHints":{"allow":["GET"]}}],"collection":[{"href":"https:\/\/www.rensiweb.com\/it\/wp-json\/wp\/v2\/product"}],"about":[{"href":"https:\/\/www.rensiweb.com\/it\/wp-json\/wp\/v2\/types\/product"}],"replies":[{"embeddable":true,"href":"https:\/\/www.rensiweb.com\/it\/wp-json\/wp\/v2\/comments?post=23846"}],"wp:featuredmedia":[{"embeddable":true,"href":"https:\/\/www.rensiweb.com\/it\/wp-json\/wp\/v2\/media\/23852"}],"wp:attachment":[{"href":"https:\/\/www.rensiweb.com\/it\/wp-json\/wp\/v2\/media?parent=23846"}],"wp:term":[{"taxonomy":"product_brand","embeddable":true,"href":"https:\/\/www.rensiweb.com\/it\/wp-json\/wp\/v2\/product_brand?post=23846"},{"taxonomy":"product_cat","embeddable":true,"href":"https:\/\/www.rensiweb.com\/it\/wp-json\/wp\/v2\/product_cat?post=23846"},{"taxonomy":"product_tag","embeddable":true,"href":"https:\/\/www.rensiweb.com\/it\/wp-json\/wp\/v2\/product_tag?post=23846"}],"curies":[{"name":"wp","href":"https:\/\/api.w.org\/{rel}","templated":true}]}}