{"id":23748,"date":"2023-10-25T10:34:16","date_gmt":"2023-10-25T08:34:16","guid":{"rendered":"https:\/\/www.rensiweb.com\/.html?post_type=product&#038;p=23748"},"modified":"2026-05-07T11:19:35","modified_gmt":"2026-05-07T09:19:35","slug":"collana-damiani-croce-oro-bianco-diamanti","status":"publish","type":"product","link":"https:\/\/www.rensiweb.com\/it\/collana-damiani-croce-oro-bianco-diamanti.html","title":{"rendered":"Collana Damiani Croce Oro Bianco Diamanti e Rubini..."},"content":{"rendered":"<p>Collana Damiani Croce Oro Bianco Diamanti e Rubini<\/p>\n<p><strong>Damiani<\/strong> propone la <strong>Collezione Belle\u00a0<\/strong><b>\u00c9poque<\/b>\u00a0in varie versioni con diamanti ,rubini, smeraldi e zaffiri.<br \/>\nQuesto modello di collana \u00e8 realizzato in oro 18kt. con pendente a forma di croce con diamanti e rubini. La particolarit\u00e0 di questo gioiello \u00e8 data dal pendente doppio:<br \/>\nil pendente a forma di croce sagomato in oro bianco lucido custodisce al suo interno un secondo pendente della stessa forma tempestato con rubini e diamanti.<\/p>\n<p>La catena veneziana \u00e8 lunga 50 cm e presenta una doppia possibilit\u00e0 di chiusura a\u00a0 42 cm. La catena \u00e8 dotata di un classico e pratico moschettone con l&#8217;incisione del logo Damiani. Il pendente a forma di croce misura 2.3 x 2 cm.<\/p>\n<ul>\n<li><b>Modello 20039534: Collana Damiani Belle \u00c9poque croce Oro Bianco con Rubini (ct.0.36) e Diamanti (ct.0.28).<\/b><\/li>\n<\/ul>\n","protected":false},"excerpt":{"rendered":"<p>Collana Damiani Belle \u00c9poque croce realizzata in Oro Bianco 18kt con Rubini (ct.0.36) e Diamanti (ct.0.28), misura regolabile 50\/42 cm<\/p>\n","protected":false},"featured_media":23752,"comment_status":"open","ping_status":"closed","template":"","meta":[],"product_brand":[4],"product_cat":[2097,1998,2024,2006],"product_tag":[],"class_list":{"0":"post-23748","1":"product","2":"type-product","3":"status-publish","4":"has-post-thumbnail","6":"product_brand-damiani-gioielli-orologi-italia","7":"product_cat-senza-categoria","8":"product_cat-gioielli","9":"product_cat-outlet","10":"product_cat-damiani","11":"pa_cp_peso_tot_pietra_ct_3-0-36","13":"first","14":"instock","15":"sale","16":"shipping-taxable","17":"purchasable","18":"product-type-simple"},"exclude_global_add_ons":[],"addons":[],"_links":{"self":[{"href":"https:\/\/www.rensiweb.com\/it\/wp-json\/wp\/v2\/product\/23748","targetHints":{"allow":["GET"]}}],"collection":[{"href":"https:\/\/www.rensiweb.com\/it\/wp-json\/wp\/v2\/product"}],"about":[{"href":"https:\/\/www.rensiweb.com\/it\/wp-json\/wp\/v2\/types\/product"}],"replies":[{"embeddable":true,"href":"https:\/\/www.rensiweb.com\/it\/wp-json\/wp\/v2\/comments?post=23748"}],"wp:featuredmedia":[{"embeddable":true,"href":"https:\/\/www.rensiweb.com\/it\/wp-json\/wp\/v2\/media\/23752"}],"wp:attachment":[{"href":"https:\/\/www.rensiweb.com\/it\/wp-json\/wp\/v2\/media?parent=23748"}],"wp:term":[{"taxonomy":"product_brand","embeddable":true,"href":"https:\/\/www.rensiweb.com\/it\/wp-json\/wp\/v2\/product_brand?post=23748"},{"taxonomy":"product_cat","embeddable":true,"href":"https:\/\/www.rensiweb.com\/it\/wp-json\/wp\/v2\/product_cat?post=23748"},{"taxonomy":"product_tag","embeddable":true,"href":"https:\/\/www.rensiweb.com\/it\/wp-json\/wp\/v2\/product_tag?post=23748"}],"curies":[{"name":"wp","href":"https:\/\/api.w.org\/{rel}","templated":true}]}}