{"id":2373,"date":"2017-08-18T14:35:56","date_gmt":"2017-08-18T12:35:56","guid":{"rendered":"https:\/\/www.rensiweb.com\/bracciale-donna-fope-gioielli-collezione-unica-classic-oro-750-oro-bianco\/"},"modified":"2026-04-17T11:21:59","modified_gmt":"2026-04-17T09:21:59","slug":"bracciale-donna-fope-gioielli-collezione-unica-classic-oro-750-oro-bianco","status":"publish","type":"product","link":"https:\/\/www.rensiweb.com\/it\/bracciale-donna-fope-gioielli-collezione-unica-classic-oro-750-oro-bianco.html","title":{"rendered":"Bracciale donna, FOPE gioielli, Collezione Solo Oro 750\/000 (18 Kt.) &#8211; Oro Bianco..."},"content":{"rendered":"<div><strong>Bracciale donna, collezione SOLO\u00a0 di FOPE, Oro a titolo 750\/000 (18Kt.), made in Italy, creato nelle versioni: Oro Bianco, Oro Giallo, Oro Rosso.<\/strong><\/div>\n<div><strong>Collezione SOLO classic, bracciale<\/strong> di medie dimensione e di <strong>estrema morbidezza<\/strong> \u00e9 di facile indossabilit\u00e0. Ha il logo del brand Fope inciso sul gancio a moschettone che attesta l&#8217;originalit\u00e0 del prodotto.<\/div>\n<div>I <strong>bracciali della collezione Solo di FOPE gioielli<\/strong>, presentano la\u00a0<strong>tradizionale maglia dal design inconfondibile<\/strong> che ha ispirato e dato origine a molte altre collezioni.<\/div>\n<div><strong>I bracciali della Collezione\u00a0 Solo di FOPE gioielli<\/strong>, hanno una sezione rotonda con <strong>diametro di mm. 4.5<\/strong>. con una misura <strong>standard di cm.19<\/strong>. Su ordinazione si possono avere misure in base alla vostra richiesta.<\/div>\n<ul>\n<li><strong>Modello 61006BX_XX_B_XXX_190: Bracciale Oro 750\/000 &#8211; Oro Bianco.<\/strong><\/li>\n<li><strong>Modello 61006BX_XX_G_XXX_190: Bracciale Oro 750\/000 &#8211; Oro Giallo.<\/strong><\/li>\n<li><strong>Modello 61006BX_XX_R_XXX_190: Bracciale Oro 750\/000 &#8211; Oro Ros\u00e9.\u00a0<\/strong><\/li>\n<\/ul>\n<div><\/div>\n<div><strong>Bracciale donna, FOPE gioielli (made in Italy), Collezione Solo<\/strong>, un modello intramontabile di questo famoso Brand, design classico e semplice, un senza tempo.<\/div>\n","protected":false},"excerpt":{"rendered":"<p>Bracciale donna, FOPE gioielli (made in Italy), collezione Solo classic, Oro 750\/000 (18 Kt.), prodotto in Oro Bianco, Giallo, Rosso<\/p>\n","protected":false},"featured_media":7293,"comment_status":"open","ping_status":"closed","template":"","meta":[],"product_brand":[9],"product_cat":[1998,2058],"product_tag":[],"class_list":{"0":"post-2373","1":"product","2":"type-product","3":"status-publish","4":"has-post-thumbnail","6":"product_brand-fope-gioielli-italia","7":"product_cat-gioielli","8":"product_cat-fope","10":"first","11":"instock","12":"shipping-taxable","13":"purchasable","14":"product-type-variable"},"exclude_global_add_ons":[],"addons":[],"_links":{"self":[{"href":"https:\/\/www.rensiweb.com\/it\/wp-json\/wp\/v2\/product\/2373","targetHints":{"allow":["GET"]}}],"collection":[{"href":"https:\/\/www.rensiweb.com\/it\/wp-json\/wp\/v2\/product"}],"about":[{"href":"https:\/\/www.rensiweb.com\/it\/wp-json\/wp\/v2\/types\/product"}],"replies":[{"embeddable":true,"href":"https:\/\/www.rensiweb.com\/it\/wp-json\/wp\/v2\/comments?post=2373"}],"wp:featuredmedia":[{"embeddable":true,"href":"https:\/\/www.rensiweb.com\/it\/wp-json\/wp\/v2\/media\/7293"}],"wp:attachment":[{"href":"https:\/\/www.rensiweb.com\/it\/wp-json\/wp\/v2\/media?parent=2373"}],"wp:term":[{"taxonomy":"product_brand","embeddable":true,"href":"https:\/\/www.rensiweb.com\/it\/wp-json\/wp\/v2\/product_brand?post=2373"},{"taxonomy":"product_cat","embeddable":true,"href":"https:\/\/www.rensiweb.com\/it\/wp-json\/wp\/v2\/product_cat?post=2373"},{"taxonomy":"product_tag","embeddable":true,"href":"https:\/\/www.rensiweb.com\/it\/wp-json\/wp\/v2\/product_tag?post=2373"}],"curies":[{"name":"wp","href":"https:\/\/api.w.org\/{rel}","templated":true}]}}