{"id":2372,"date":"2017-08-15T17:39:10","date_gmt":"2017-08-15T15:39:10","guid":{"rendered":"https:\/\/www.rensiweb.com\/bracciale-donna-fope-gioielli-collezione-solo-perla-australiana-bianca-diamanti-oro-750-oro-bianco\/"},"modified":"2026-04-16T20:51:52","modified_gmt":"2026-04-16T18:51:52","slug":"bracciale-donna-fope-gioielli-collezione-solo-perla-australiana-bianca-diamanti-oro-750-oro-bianco","status":"publish","type":"product","link":"https:\/\/www.rensiweb.com\/it\/bracciale-donna-fope-gioielli-collezione-solo-perla-australiana-bianca-diamanti-oro-750-oro-bianco.html","title":{"rendered":"Bracciale donna, FOPE gioielli, collezione Solo, Perla Nera di Tahiti Diamanti, Oro 750\/000 &..."},"content":{"rendered":"<div><strong>Bracciale donna, FOPE gioielli (made in Italy), collezione Solo, Perle coltivata, in Oro Bianco 750\/000 (18 Kt.), con Diamanti Bianchi e Neri e il noto sistema Flex&#8217;it di FOPE.<\/strong><\/div>\n<div>Questa <strong>collezione di bracciali<\/strong>, \u00e8 molto <strong>particolare e prestigiosa<\/strong>, al centro del bracciale\u00a0viene usata una <strong>Perla Bianca Australiana o una Perla Nera di Tahiti<\/strong>, in entrambi i casi le perle presentano un <strong>diametro notevole<\/strong> di mm.14\/14.5, <span style=\"text-decoration: underline\">ottima sfericit\u00e0, notevole pulizia della superfice<\/span>, sono quindi considerate <strong>Perle di elevata qualit\u00e0 gemmologica<\/strong>.<\/div>\n<div>Le <strong>Perle utilizzate in questa collezione di bracciali FOPE gioielli<\/strong>, vengono spesso nominate anche come <strong>Perle coltivate dei Mari del Sud<\/strong>, per indicare e circoscrivere le zone di provenienza (tra Australia e Polinesia).<\/div>\n<div><strong>Bracciali donna, collezione Solo<\/strong>, sono inoltre impreziositi da <strong>Diamanti a taglio Brillante<\/strong>, incastonati <strong>ai lati della Perla<\/strong>, nella versione con Perla Australiana \u00e8 presente 1 cerchio per lato con Diamanti Bianchi, mentre nella versione con Perla di Tahiti sono presenti per ogni lato, 1 cerchio con Diamanti Bianchi e 1 cerchio con Diamanti Neri.<\/div>\n<div>Queste sono finiture di alta gioielleria che difficilmente si trovano su oggetti pi\u00f9 convenzionali.<\/div>\n<div>Altra <strong>caratteristica molto interessante \u00e8 in sistema Flex&#8217;it<\/strong>, <span style=\"text-decoration: underline\">brevettato da FOPE gioielli<\/span>, che permette di avere un <strong>bracciale in Oro, elasticizzato (stretch)<\/strong>, grazie all&#8217;inserimento di una serie di micro molle in Oro all&#8217;interno della sua struttura.<\/div>\n<div>Con il <strong>sistema Flex&#8217;it<\/strong> si ha la possibilit\u00e0 di non avere necessit\u00e0 della chiusura, permettendo di essere comodamente infilato tramite il polso, si ottiene in questo modo una notevole praticit\u00e0 d&#8217;uso ed una elevata indossabilit\u00e0 che difficilmente si pu\u00f2 replicare con altri sistemi.<\/div>\n<div>La misura permette una buona indossabilit\u00e0 per donne e ragazze con un polso avente circonferenza di cm.14.5\/16.5<\/div>\n<ul>\n<li><strong>Modello\u00a0640BBTHB-M-WG: Bracciale Oro Bianco 750\/000 Flex&#8217;it, Diamanti Bianchi &#8211; Perla Australiana Bianca (d. mm.14.50).<\/strong><\/li>\n<li><strong>Modello\u00a0642BBTHN-M-WG: Bracciale Oro Bianco 750\/000 Flex&#8217;it, Diamanti Bianchi e Neri &#8211; Perla Tahiti Nera (d. mm.14.25).<\/strong><\/li>\n<\/ul>\n<div><\/div>\n<div><strong>Bracciale donna, FOPE gioielli (Italy), collezione Solo, con Perla e Diamanti<\/strong>, vi sorprender\u00e0 per bellezza, qualit\u00e0 e comodit\u00e0, difficilmente provate prima.<\/div>\n","protected":false},"excerpt":{"rendered":"<p>Bracciale donna, FOPE gioielli, collezione Solo, <strong>Perla<\/strong> <strong>Nera di Tahiti <\/strong>, Diamanti, Oro Bianco 750\/000 (18 Kt.), con sistema Flex&#8217;it (stretch)<\/p>\n","protected":false},"featured_media":28889,"comment_status":"open","ping_status":"closed","template":"","meta":[],"product_brand":[9],"product_cat":[1998,2058],"product_tag":[],"class_list":{"0":"post-2372","1":"product","2":"type-product","3":"status-publish","4":"has-post-thumbnail","6":"product_brand-fope-gioielli-italia","7":"product_cat-gioielli","8":"product_cat-fope","9":"pa_cf_colori-nero","11":"first","12":"instock","13":"featured","14":"shipping-taxable","15":"purchasable","16":"product-type-variable"},"exclude_global_add_ons":[],"addons":[],"_links":{"self":[{"href":"https:\/\/www.rensiweb.com\/it\/wp-json\/wp\/v2\/product\/2372","targetHints":{"allow":["GET"]}}],"collection":[{"href":"https:\/\/www.rensiweb.com\/it\/wp-json\/wp\/v2\/product"}],"about":[{"href":"https:\/\/www.rensiweb.com\/it\/wp-json\/wp\/v2\/types\/product"}],"replies":[{"embeddable":true,"href":"https:\/\/www.rensiweb.com\/it\/wp-json\/wp\/v2\/comments?post=2372"}],"wp:featuredmedia":[{"embeddable":true,"href":"https:\/\/www.rensiweb.com\/it\/wp-json\/wp\/v2\/media\/28889"}],"wp:attachment":[{"href":"https:\/\/www.rensiweb.com\/it\/wp-json\/wp\/v2\/media?parent=2372"}],"wp:term":[{"taxonomy":"product_brand","embeddable":true,"href":"https:\/\/www.rensiweb.com\/it\/wp-json\/wp\/v2\/product_brand?post=2372"},{"taxonomy":"product_cat","embeddable":true,"href":"https:\/\/www.rensiweb.com\/it\/wp-json\/wp\/v2\/product_cat?post=2372"},{"taxonomy":"product_tag","embeddable":true,"href":"https:\/\/www.rensiweb.com\/it\/wp-json\/wp\/v2\/product_tag?post=2372"}],"curies":[{"name":"wp","href":"https:\/\/api.w.org\/{rel}","templated":true}]}}