{"id":23587,"date":"2023-10-21T18:12:56","date_gmt":"2023-10-21T16:12:56","guid":{"rendered":"https:\/\/www.rensiweb.com\/.html?post_type=product&#038;p=23587"},"modified":"2026-04-17T20:50:00","modified_gmt":"2026-04-17T18:50:00","slug":"collana-damiani-belle-epoque-croce-in-oro-bianco-diamanti","status":"publish","type":"product","link":"https:\/\/www.rensiweb.com\/it\/collana-damiani-belle-epoque-croce-in-oro-bianco-diamanti.html","title":{"rendered":"Collana Damiani Belle Epoque croce in oro bianco diamanti..."},"content":{"rendered":"<p>Collana Damiani Belle Epoque croce in oro bianco diamanti.<\/p>\n<p>I gioielli <strong>Damiani<\/strong> rispecchiano il <strong>Made il Italy<\/strong> in tutti i suoi canoni. Sono caratterizzati da un\u2019eleganza e da una femminilit\u00e0 inconfondibili.<\/p>\n<p><strong>Damiani<\/strong> propone la <strong>Collezione Belle\u00a0<\/strong><b>\u00c9poque<\/b>\u00a0in varie versioni con diamanti ,rubini, smeraldi e zaffiri.<br \/>\nQuesto modello di collana \u00e8 realizzato in oro 18kt. con pendente a forma di croce con diamanti e rubini. La particolarit\u00e0 di questo gioiello \u00e8 data dal pendente doppio:<br \/>\nil pendente a forma di croce sagomato in oro bianco lucido custodisce al suo interno un secondo pendente della stessa forma tempestato con rubini e diamanti.<\/p>\n<p>La catena \u00e8 lunga 50 cm e presenta una doppia possibilit\u00e0 di chiusura a\u00a0 42 cm. Come chiusura la catena \u00e8 dotata di un classico e pratico moschettone con incisione del logo Damiani. Il pendente a forma di croce misura 2 x 1.80 cm.<\/p>\n<p><strong>Belle \u00c9poque<\/strong>, una collezione di gioielli per una donna che ama farsi ammirare che conosce l\u2019arte della seduzione e il potere del proprio fascino.<\/p>\n<ul>\n<li><strong>Modello 20073463: collana croce Oro Bianco con Rubini (ct.0.42) e Diamanti (ct.0.04).<\/strong><\/li>\n<li><strong>Modello 20073465: collana croce Oro Bianco con Zaffiri (ct.0.42) e Diamanti (ct.0.04).<\/strong><\/li>\n<\/ul>\n","protected":false},"excerpt":{"rendered":"<p>Collana Damiani Belle Epoque croce in oro bianco diamanti.<\/p>\n<p>La collana \u00e8 lunga 42\/ 50 cm con pendente forma croce realizzata in oro bianco 18kt. con diamanti di carati totali.<\/p>\n","protected":false},"featured_media":23600,"comment_status":"open","ping_status":"closed","template":"","meta":[],"product_brand":[],"product_cat":[1998,2006],"product_tag":[],"class_list":{"0":"post-23587","1":"product","2":"type-product","3":"status-publish","4":"has-post-thumbnail","6":"product_cat-gioielli","7":"product_cat-damiani","9":"first","10":"instock","11":"sale","12":"shipping-taxable","13":"purchasable","14":"product-type-variable"},"exclude_global_add_ons":[],"addons":[],"_links":{"self":[{"href":"https:\/\/www.rensiweb.com\/it\/wp-json\/wp\/v2\/product\/23587","targetHints":{"allow":["GET"]}}],"collection":[{"href":"https:\/\/www.rensiweb.com\/it\/wp-json\/wp\/v2\/product"}],"about":[{"href":"https:\/\/www.rensiweb.com\/it\/wp-json\/wp\/v2\/types\/product"}],"replies":[{"embeddable":true,"href":"https:\/\/www.rensiweb.com\/it\/wp-json\/wp\/v2\/comments?post=23587"}],"wp:featuredmedia":[{"embeddable":true,"href":"https:\/\/www.rensiweb.com\/it\/wp-json\/wp\/v2\/media\/23600"}],"wp:attachment":[{"href":"https:\/\/www.rensiweb.com\/it\/wp-json\/wp\/v2\/media?parent=23587"}],"wp:term":[{"taxonomy":"product_brand","embeddable":true,"href":"https:\/\/www.rensiweb.com\/it\/wp-json\/wp\/v2\/product_brand?post=23587"},{"taxonomy":"product_cat","embeddable":true,"href":"https:\/\/www.rensiweb.com\/it\/wp-json\/wp\/v2\/product_cat?post=23587"},{"taxonomy":"product_tag","embeddable":true,"href":"https:\/\/www.rensiweb.com\/it\/wp-json\/wp\/v2\/product_tag?post=23587"}],"curies":[{"name":"wp","href":"https:\/\/api.w.org\/{rel}","templated":true}]}}