{"id":23561,"date":"2023-10-13T11:02:17","date_gmt":"2023-10-13T09:02:17","guid":{"rendered":"https:\/\/www.rensiweb.com\/.html?post_type=product&#038;p=23561"},"modified":"2026-05-09T20:49:08","modified_gmt":"2026-05-09T18:49:08","slug":"collana-donna-damiani-collezione-belle-epoque-in-oro-bianco-diamanti-e-rubini","status":"publish","type":"product","link":"https:\/\/www.rensiweb.com\/it\/collana-donna-damiani-collezione-belle-epoque-in-oro-bianco-diamanti-e-rubini.html","title":{"rendered":"Collana Damiani Belle Epoque Cuore oro bianco diamanti e rubini..."},"content":{"rendered":"<p><b>Collana donna Damiani Belle \u00c9poque Cuore in oro bianco diamanti e rubini<\/b>.<\/p>\n<p>I gioielli <strong>Damiani<\/strong> rispecchiano il <strong>Made il Italy<\/strong> in tutti i suoi canoni. Sono caratterizzati da un\u2019eleganza e da una femminilit\u00e0 inconfondibili.<\/p>\n<p><strong>Damiani<\/strong> propone la <strong>Collezione Belle\u00a0<\/strong><b>\u00c9poque<\/b>\u00a0in varie versioni con diamanti ,rubini, smeraldi e zaffiri.<br \/>\nQuesto modello di collana \u00e8 realizzato in oro 18kt. con pendente a forma di cuore con diamanti e rubini. La particolarit\u00e0 di questo gioiello \u00e8 data dal pendente doppio:<br \/>\nun cuore sagomato tempestato di diamanti unito al secondo cuore con rubini e diamanti.<\/p>\n<p>La catena \u00e8 lunga 50 cm e presenta una doppia possibilit\u00e0 di chiusura a cm 43. Come chiusura la catena \u00e8 dotata di un classico e pratico moschettone con incisione del logo Damiani.<\/p>\n<p><strong>Belle \u00c9poque<\/strong>, una collezione di gioielli per una donna che ama farsi ammirare che conosce l\u2019arte della seduzione e il potere del proprio fascino.<\/p>\n<ul>\n<li><strong>Modello 20017109: Collana Damiani Belle Epoque Cuore Oro Bianco con Rubini carati 0.84 e Diamanti carati 0.35<\/strong><\/li>\n<\/ul>\n","protected":false},"excerpt":{"rendered":"<p>Collana Damiani Belle Epoque Cuore in oro bianco 18kt. con diamanti di carati totali 0.35 e rubini di carati totali 0.84.<\/p>\n<p>&nbsp;<\/p>\n","protected":false},"featured_media":23575,"comment_status":"open","ping_status":"closed","template":"","meta":[],"product_brand":[4],"product_cat":[2097,1998,2006],"product_tag":[],"class_list":{"0":"post-23561","1":"product","2":"type-product","3":"status-publish","4":"has-post-thumbnail","6":"product_brand-damiani-gioielli-orologi-italia","7":"product_cat-senza-categoria","8":"product_cat-gioielli","9":"product_cat-damiani","11":"first","12":"outofstock","13":"sale","14":"shipping-taxable","15":"purchasable","16":"product-type-simple"},"exclude_global_add_ons":[],"addons":[],"_links":{"self":[{"href":"https:\/\/www.rensiweb.com\/it\/wp-json\/wp\/v2\/product\/23561","targetHints":{"allow":["GET"]}}],"collection":[{"href":"https:\/\/www.rensiweb.com\/it\/wp-json\/wp\/v2\/product"}],"about":[{"href":"https:\/\/www.rensiweb.com\/it\/wp-json\/wp\/v2\/types\/product"}],"replies":[{"embeddable":true,"href":"https:\/\/www.rensiweb.com\/it\/wp-json\/wp\/v2\/comments?post=23561"}],"wp:featuredmedia":[{"embeddable":true,"href":"https:\/\/www.rensiweb.com\/it\/wp-json\/wp\/v2\/media\/23575"}],"wp:attachment":[{"href":"https:\/\/www.rensiweb.com\/it\/wp-json\/wp\/v2\/media?parent=23561"}],"wp:term":[{"taxonomy":"product_brand","embeddable":true,"href":"https:\/\/www.rensiweb.com\/it\/wp-json\/wp\/v2\/product_brand?post=23561"},{"taxonomy":"product_cat","embeddable":true,"href":"https:\/\/www.rensiweb.com\/it\/wp-json\/wp\/v2\/product_cat?post=23561"},{"taxonomy":"product_tag","embeddable":true,"href":"https:\/\/www.rensiweb.com\/it\/wp-json\/wp\/v2\/product_tag?post=23561"}],"curies":[{"name":"wp","href":"https:\/\/api.w.org\/{rel}","templated":true}]}}