{"id":107,"date":"2014-07-17T15:51:19","date_gmt":"2014-07-17T13:51:19","guid":{"rendered":"https:\/\/www.rensiweb.com\/orologio-citizen-uomo-crono-pilot-radiocontrollato-titanio-zaffiro-ecodrive-as4050\/"},"modified":"2026-04-27T14:55:55","modified_gmt":"2026-04-27T12:55:55","slug":"orologio-citizen-uomo-crono-pilot-radiocontrollato-titanio-zaffiro-ecodrive-as4050","status":"publish","type":"product","link":"https:\/\/www.rensiweb.com\/it\/orologio-citizen-uomo-crono-pilot-radiocontrollato-titanio-zaffiro-ecodrive-as4050.html","title":{"rendered":"Orologio uomo Citizen Crono Pilot Titanio Radiocontrollato CB585 &#8211; EcoDrive &#8211; cas..."},"content":{"rendered":"<p><strong>Orologio uomo Citizen Crono Pilot Titanio Radiocontrollato CB585<\/strong>, 5 canali Radiocontrollato (Europa, USA, Giappone, Cina), world time con 24 citt\u00e0 nel mondo, cronografo 1\/20, calendario perpetuo, allarme.<\/p>\n<p>Restyling aggiornato, Cronografo di una serie che ha decretato il successo di\u00a0<strong>Citizen come orologi Radiocontrollati<\/strong>\u00a0Crono con vetro Zaffiro.<\/p>\n<p>Disponibili 2 varianti, che hanno in comune: cassa in\u00a0<strong>Super Titanio Ti+IP, sistema Eco-Drive<\/strong>\u00a0con riserva di carica che pu\u00f2 arrivare fino a 10 mesi, <strong>vetro Zaffiro<\/strong>, Radiocontrollo 5 canali, resistente 20 bar all&#8217;acqua, funzione risparmio energetico.<\/p>\n<ul>\n<li><strong>modello <strong>CB5850-80E<\/strong> : variante con cassa e cinturino in Super Titanio, quadrante Nero.<\/strong><\/li>\n<li><strong>modello <strong>CB5850-80<\/strong>L : variante con cassa e cinturino in Super Titanio, quadrante Blu.<\/strong><\/li>\n<\/ul>\n<p><strong>Orologi Citizen Crono Pilot Titanio<\/strong>, sempre l&#8217;ora esatta su un&#8217;orologio in Super Titanio Ti+IP, la versione braccialata pesa solo g. 104, con molte funzioni che rendono l&#8217;orologio completo a molti utilizzi, cambio ora legale e solare automatica,\u00a0<strong>i Crono Pilot Citizen<\/strong>\u00a0di notte attivano la ricerca del segnale, si aggiorna con precisione al secondo, tutta la serenit\u00e0 di avere sempre l&#8217;ora esatta.<\/p>\n<p><strong>Crono Pilot Citizen Titanio<\/strong>\u00a0\u00e8 perfetto per chi vuole un orologio completo, preciso e leggero, prodotto di qualit\u00e0 e affidabilit\u00e0 in stile casual.<\/p>\n","protected":false},"excerpt":{"rendered":"<p>Orologio uomo Citizen Crono Pilot Titanio Radiocontrollato CB585, Radiocontrollato, Eco-Drive 10 mesi, vetro Zaffiro, W.R. 20 Bar.<\/p>\n<p><span style=\"font-size: 18pt;color: #339966\"><strong>5 Anni di GARANZIA Ufficiale<\/strong><\/span><\/p>\n","protected":false},"featured_media":6074,"comment_status":"open","ping_status":"closed","template":"","meta":[],"product_brand":[5],"product_cat":[2004,1994],"product_tag":[],"class_list":{"0":"post-107","1":"product","2":"type-product","3":"status-publish","4":"has-post-thumbnail","6":"product_brand-citizen-orologi-giappone","7":"product_cat-citizen","8":"product_cat-orologi","10":"first","11":"instock","12":"sale","13":"shipping-taxable","14":"purchasable","15":"product-type-variable"},"exclude_global_add_ons":[],"addons":[],"_links":{"self":[{"href":"https:\/\/www.rensiweb.com\/it\/wp-json\/wp\/v2\/product\/107","targetHints":{"allow":["GET"]}}],"collection":[{"href":"https:\/\/www.rensiweb.com\/it\/wp-json\/wp\/v2\/product"}],"about":[{"href":"https:\/\/www.rensiweb.com\/it\/wp-json\/wp\/v2\/types\/product"}],"replies":[{"embeddable":true,"href":"https:\/\/www.rensiweb.com\/it\/wp-json\/wp\/v2\/comments?post=107"}],"wp:featuredmedia":[{"embeddable":true,"href":"https:\/\/www.rensiweb.com\/it\/wp-json\/wp\/v2\/media\/6074"}],"wp:attachment":[{"href":"https:\/\/www.rensiweb.com\/it\/wp-json\/wp\/v2\/media?parent=107"}],"wp:term":[{"taxonomy":"product_brand","embeddable":true,"href":"https:\/\/www.rensiweb.com\/it\/wp-json\/wp\/v2\/product_brand?post=107"},{"taxonomy":"product_cat","embeddable":true,"href":"https:\/\/www.rensiweb.com\/it\/wp-json\/wp\/v2\/product_cat?post=107"},{"taxonomy":"product_tag","embeddable":true,"href":"https:\/\/www.rensiweb.com\/it\/wp-json\/wp\/v2\/product_tag?post=107"}],"curies":[{"name":"wp","href":"https:\/\/api.w.org\/{rel}","templated":true}]}}