{"id":1062,"date":"2016-09-27T17:01:57","date_gmt":"2016-09-27T15:01:57","guid":{"rendered":"https:\/\/www.rensiweb.com\/bracciale-unisex-baraka-ceramica-nera-oro-rosa-diamanti-bianchi\/"},"modified":"2026-04-20T11:23:37","modified_gmt":"2026-04-20T09:23:37","slug":"bracciale-unisex-baraka-ceramica-nera-oro-rosa-diamanti-bianchi","status":"publish","type":"product","link":"https:\/\/www.rensiweb.com\/it\/bracciale-unisex-baraka-ceramica-nera-oro-rosa-diamanti-bianchi.html","title":{"rendered":"Bracciale unisex (uomo e donna), BARAKA &#8211; Ceramica Nera, Oro Rosa e Diamanti Bianchi...."},"content":{"rendered":"<div>\n<div><strong>Bracciale unisex e uomo, BARAKA Italy<\/strong>,&nbsp;<strong>Ceramica Hi-Tech<\/strong>&nbsp;resistente all&#8217;usura di&nbsp;<strong>colore Nero<\/strong>, chiusura in Acciaio Inox che si apre con 2 pulsanti.<\/div>\n<div>La parte superiore ha una placca di Ceramica Nera, sulla quale \u00e8 fissato una lastra in&nbsp;<strong>Oro Rosa 750\/000 (18 Kt.)<\/strong>, in cui vi sono incastonati 10<strong>&nbsp;Diamanti Bianchi<\/strong>.<\/div>\n<div>La struttura \u00e8 composta da&nbsp;<strong>maglie movibili<\/strong>&nbsp;di dimensioni piccole che&nbsp;<strong>permettono una confortevole e naturale indossabilit\u00e0<\/strong>.<\/div>\n<div>Anche questo&nbsp;<strong>Bracciale BARAKA<\/strong>, ha le maglie con&nbsp;<strong>perni <\/strong>&nbsp;che permettono la messa a misura, quindi si ha molta flessibilit\u00e0 sulla propria taglia.<\/div>\n<div>Il Bracciale ha una circonferenza interna di cm. 20 ed \u00e8 adatto a polsi con circonferenza di cm. 16\/19.5 .<\/div>\n<div>&nbsp;<\/div>\n<ul>\n<li><strong>Modello BR213893ROCN070009 : Bracciale in Ceramica Nera, Oro Rosa 750\/000 e Diamanti Bianchi &#8211; chiusura Acciaio.<\/strong><\/li>\n<\/ul>\n<div>&nbsp;<\/div>\n<div><strong>Bracciale BARAKA, per Uomo e Unisex,<\/strong> Casual&nbsp;si far\u00e0 apprezzare per la sua praticit\u00e0 e particolarit\u00e0.<\/div>\n<\/div>\n","protected":false},"excerpt":{"rendered":"<p>Bracciale unisex (uomo e donna), BARAKA, in Ceramica Hi-Tech Nero, con finiture in Oro Rosa 750\/000 (18 Kt.) e Diamanti Bianchi.<\/p>\n","protected":false},"featured_media":6687,"comment_status":"closed","ping_status":"closed","template":"","meta":[],"product_brand":[6],"product_cat":[1998,2032],"product_tag":[],"class_list":{"0":"post-1062","1":"product","2":"type-product","3":"status-publish","4":"has-post-thumbnail","6":"product_brand-baraka-gioielli-italia","7":"product_cat-gioielli","8":"product_cat-baraka","10":"first","11":"outofstock","12":"sale","13":"shipping-taxable","14":"purchasable","15":"product-type-simple"},"exclude_global_add_ons":[],"addons":[],"_links":{"self":[{"href":"https:\/\/www.rensiweb.com\/it\/wp-json\/wp\/v2\/product\/1062","targetHints":{"allow":["GET"]}}],"collection":[{"href":"https:\/\/www.rensiweb.com\/it\/wp-json\/wp\/v2\/product"}],"about":[{"href":"https:\/\/www.rensiweb.com\/it\/wp-json\/wp\/v2\/types\/product"}],"replies":[{"embeddable":true,"href":"https:\/\/www.rensiweb.com\/it\/wp-json\/wp\/v2\/comments?post=1062"}],"wp:featuredmedia":[{"embeddable":true,"href":"https:\/\/www.rensiweb.com\/it\/wp-json\/wp\/v2\/media\/6687"}],"wp:attachment":[{"href":"https:\/\/www.rensiweb.com\/it\/wp-json\/wp\/v2\/media?parent=1062"}],"wp:term":[{"taxonomy":"product_brand","embeddable":true,"href":"https:\/\/www.rensiweb.com\/it\/wp-json\/wp\/v2\/product_brand?post=1062"},{"taxonomy":"product_cat","embeddable":true,"href":"https:\/\/www.rensiweb.com\/it\/wp-json\/wp\/v2\/product_cat?post=1062"},{"taxonomy":"product_tag","embeddable":true,"href":"https:\/\/www.rensiweb.com\/it\/wp-json\/wp\/v2\/product_tag?post=1062"}],"curies":[{"name":"wp","href":"https:\/\/api.w.org\/{rel}","templated":true}]}}