{"id":16994,"date":"2023-01-30T18:16:59","date_gmt":"2023-01-30T17:16:59","guid":{"rendered":"https:\/\/www.rensiweb.com?page_id=16994"},"modified":"2023-01-30T18:17:00","modified_gmt":"2023-01-30T17:17:00","slug":"termini-condizioni","status":"publish","type":"page","link":"https:\/\/www.rensiweb.com\/it\/termini-condizioni.html","title":{"rendered":"Termini e Condizioni"},"content":{"rendered":"\t\t<div data-elementor-type=\"wp-page\" data-elementor-id=\"16994\" class=\"elementor elementor-16994\" data-elementor-post-type=\"page\">\n\t\t\t\t\t\t<section class=\"elementor-section elementor-top-section elementor-element elementor-element-5ca1416 elementor-section-full_width elementor-section-height-default elementor-section-height-default\" data-id=\"5ca1416\" data-element_type=\"section\">\n\t\t\t\t\t\t<div class=\"elementor-container elementor-column-gap-default\">\n\t\t\t\t\t<div class=\"elementor-column elementor-col-100 elementor-top-column elementor-element elementor-element-3282df4\" data-id=\"3282df4\" data-element_type=\"column\">\n\t\t\t<div class=\"elementor-widget-wrap elementor-element-populated\">\n\t\t\t\t\t\t<div class=\"elementor-element elementor-element-7a99966 elementor-widget elementor-widget-text-editor\" data-id=\"7a99966\" data-element_type=\"widget\" data-widget_type=\"text-editor.default\">\n\t\t\t\t<div class=\"elementor-widget-container\">\n\t\t\t\t\t\t\t\t\t<h3><strong>Ambito territoriale<\/strong><\/h3><p><strong>Rensi gioielli s.r.l.<\/strong> accetta ordini con consegna in tutta Italia, nella forma <strong>B to C<\/strong> (Azienda verso Privato) e <strong>B to B<\/strong> (Azienda verso Azienda).<\/p><p>Per la vendita <strong>B to B<\/strong> (Azienda verso Azienda), dobbiamo essere contattati, effettuando delle richieste apposite, verranno elaborate dal personale dedicato alle Societ\u00e0, che attiver\u00e0 un Account dedicato specifico.<\/p><h3><strong>Documenti di acquisto<\/strong><\/h3><p>Per ogni Acquisto effettuato presso il nostro sito, <strong>si ricever\u00e0 subito 1 Email di riepilogo ordine<\/strong>, a <strong>Prodotto spedito<\/strong>, <strong>inviamo Email<\/strong> nella quale ci saranno tutti i riferimenti necessari: <strong>Number Tracking<\/strong> per monitorare la spedizione, <strong>Documento di riepilogo<\/strong> ordine\/pagamento o <strong>Fattura<\/strong> (solo se richiesta in fase di acquisto), in formato <strong>PDF<\/strong>, all&#8217;intestatario dell&#8217;ordine.<\/p><h3><strong>Informazioni sul prodotto<\/strong><\/h3><p>Acquista con facilit\u00e0 i Prodotti nel catalogo di RENSI gioielli s.r.l. , le immagini, i dati tecnici, la scheda del prodotto sono state compilate con tutti i dati in nostro possesso e dalle Aziende fornitrici, se manca qualcosa, potete chiederlo o segnalarlo.<\/p><p><strong>L&#8217;immagine indica esattamente<\/strong> il prodotto che si st\u00e0 acquistando, <strong>qualsiasi sia la variante scelta, verr\u00e0 visualizzata l&#8217;immagine corretta.<\/strong><\/p><div>La disponibilit\u00e0 del prodotto \u00e8 quella reale a Magazzino, il &#8220;data-base&#8221; viene aggiornato pi\u00f9 volte al giorno, non possiamo prevedere la possibilit\u00e0 di acquisti simultanei da parte di pi\u00f9 utenti, dato che abbiamo pi\u00f9 canali di vendita.<br \/>Per tale motivo\u00a0RENSI gioielli s.r.l., ricevuto l&#8217;ordine, verifica ed eventualmente comunicare entro le 24H lavorative la possibile mancanza del prodotto, verr\u00e0 <strong>comunicato immediatamente<\/strong> al cliente, effettuando<strong> subito il Rimborso, lasciandovi piena e Totale libert\u00e0.<\/strong><br \/>Nessuna responsabilit\u00e0 potr\u00e0 essere imputata a RENSI gioielli s.r.l. sulla disponibilt\u00e0 dei prodotti .<\/div><div>\u00a0<\/div><h3><strong>Ricezione dell&#8217;ordine<\/strong><\/h3><p>Se il vostro <strong>Acquisto \u00e8 andato a Buon fine<\/strong>, <strong>riceverete<\/strong> poco dopo <strong>1 Email<\/strong> di Conferma ordine.<br \/>Questa Email riporter\u00e0 tutti i dati generali dell&#8217;Acquisto appena effettuato. Se vi accorgete di eventuali Errori, segnalatelo tempestivamente a <a href=\"mailto:info@rensiweb.com\">info@rensiweb.com<\/a>\u00a0.<\/p><p>\u00a0<\/p><p><em><strong>Effettuando l&#8217;acquisto su rensiweb.com <\/strong>(sito Ecommerce di RENSI gioielli s.r.l.)<strong>, il cliente dichiara di aver preso visione e letto tutte le condizioni di vendita, procedura di acquisto, modalit\u00e0 di pagamento, resi e recessi.<\/strong><\/em><\/p>\t\t\t\t\t\t\t\t<\/div>\n\t\t\t\t<\/div>\n\t\t\t\t\t<\/div>\n\t\t<\/div>\n\t\t\t\t\t<\/div>\n\t\t<\/section>\n\t\t\t\t<\/div>\n\t\t","protected":false},"excerpt":{"rendered":"<p>Ambito territoriale Rensi gioielli s.r.l. accetta ordini con consegna in tutta Italia, nella forma B to C (Azienda verso Privato) e B to B (Azienda verso Azienda). Per la vendita B to B (Azienda verso Azienda), dobbiamo essere contattati, effettuando delle richieste apposite, verranno elaborate dal personale dedicato alle Societ\u00e0, che attiver\u00e0 un Account dedicato [&hellip;]<\/p>\n","protected":false},"author":1,"featured_media":0,"parent":0,"menu_order":0,"comment_status":"closed","ping_status":"closed","template":"","meta":{"footnotes":""},"categories":[],"tags":[],"class_list":["post-16994","page","type-page","status-publish","hentry"],"_links":{"self":[{"href":"https:\/\/www.rensiweb.com\/it\/wp-json\/wp\/v2\/pages\/16994","targetHints":{"allow":["GET"]}}],"collection":[{"href":"https:\/\/www.rensiweb.com\/it\/wp-json\/wp\/v2\/pages"}],"about":[{"href":"https:\/\/www.rensiweb.com\/it\/wp-json\/wp\/v2\/types\/page"}],"author":[{"embeddable":true,"href":"https:\/\/www.rensiweb.com\/it\/wp-json\/wp\/v2\/users\/1"}],"replies":[{"embeddable":true,"href":"https:\/\/www.rensiweb.com\/it\/wp-json\/wp\/v2\/comments?post=16994"}],"version-history":[{"count":0,"href":"https:\/\/www.rensiweb.com\/it\/wp-json\/wp\/v2\/pages\/16994\/revisions"}],"wp:attachment":[{"href":"https:\/\/www.rensiweb.com\/it\/wp-json\/wp\/v2\/media?parent=16994"}],"wp:term":[{"taxonomy":"category","embeddable":true,"href":"https:\/\/www.rensiweb.com\/it\/wp-json\/wp\/v2\/categories?post=16994"},{"taxonomy":"post_tag","embeddable":true,"href":"https:\/\/www.rensiweb.com\/it\/wp-json\/wp\/v2\/tags?post=16994"}],"curies":[{"name":"wp","href":"https:\/\/api.w.org\/{rel}","templated":true}]}}