{"id":16974,"date":"2023-01-30T17:58:27","date_gmt":"2023-01-30T16:58:27","guid":{"rendered":"https:\/\/www.rensiweb.com?page_id=16974"},"modified":"2023-01-30T18:14:38","modified_gmt":"2023-01-30T17:14:38","slug":"tempi-e-costi-di-spedizione","status":"publish","type":"page","link":"https:\/\/www.rensiweb.com\/it\/tempi-e-costi-di-spedizione.html","title":{"rendered":"Tempi e costi di spedizione"},"content":{"rendered":"\t\t<div data-elementor-type=\"wp-page\" data-elementor-id=\"16974\" class=\"elementor elementor-16974\" data-elementor-post-type=\"page\">\n\t\t\t\t\t\t<section class=\"elementor-section elementor-top-section elementor-element elementor-element-e1879ba elementor-section-full_width elementor-section-height-default elementor-section-height-default\" data-id=\"e1879ba\" data-element_type=\"section\">\n\t\t\t\t\t\t<div class=\"elementor-container elementor-column-gap-default\">\n\t\t\t\t\t<div class=\"elementor-column elementor-col-100 elementor-top-column elementor-element elementor-element-5b19489\" data-id=\"5b19489\" data-element_type=\"column\">\n\t\t\t<div class=\"elementor-widget-wrap elementor-element-populated\">\n\t\t\t\t\t\t<section class=\"elementor-section elementor-inner-section elementor-element elementor-element-7e9ef7e elementor-section-content-middle elementor-section-boxed elementor-section-height-default elementor-section-height-default\" data-id=\"7e9ef7e\" data-element_type=\"section\">\n\t\t\t\t\t\t<div class=\"elementor-container elementor-column-gap-default\">\n\t\t\t\t\t<div class=\"elementor-column elementor-col-100 elementor-inner-column elementor-element elementor-element-6ee29cb\" data-id=\"6ee29cb\" data-element_type=\"column\">\n\t\t\t<div class=\"elementor-widget-wrap elementor-element-populated\">\n\t\t\t\t\t\t<div class=\"elementor-element elementor-element-418350d elementor-widget__width-auto elementor-widget elementor-widget-image\" data-id=\"418350d\" data-element_type=\"widget\" data-widget_type=\"image.default\">\n\t\t\t\t<div class=\"elementor-widget-container\">\n\t\t\t\t\t\t\t\t\t\t\t\t\t\t\t<img decoding=\"async\" width=\"75\" height=\"56\" src=\"https:\/\/www.rensiweb.com\/wp-content\/uploads\/express-shipping-fast-shipping-secure-cared-for-and-protected-1.jpg\" class=\"attachment-large size-large wp-image-16976\" alt=\"\" sizes=\"\" \/>\t\t\t\t\t\t\t\t\t\t\t\t\t\t\t<\/div>\n\t\t\t\t<\/div>\n\t\t\t\t<div class=\"elementor-element elementor-element-f18a4dc elementor-widget__width-auto elementor-widget elementor-widget-heading\" data-id=\"f18a4dc\" data-element_type=\"widget\" data-widget_type=\"heading.default\">\n\t\t\t\t<div class=\"elementor-widget-container\">\n\t\t\t\t\t<h2 class=\"elementor-heading-title elementor-size-default\">Spedizioni effettuate solo con Corriere Espresso Internazionale<\/h2>\t\t\t\t<\/div>\n\t\t\t\t<\/div>\n\t\t\t\t\t<\/div>\n\t\t<\/div>\n\t\t\t\t\t<\/div>\n\t\t<\/section>\n\t\t\t\t<section class=\"elementor-section elementor-inner-section elementor-element elementor-element-dedf270 elementor-section-content-middle elementor-section-boxed elementor-section-height-default elementor-section-height-default\" data-id=\"dedf270\" data-element_type=\"section\">\n\t\t\t\t\t\t<div class=\"elementor-container elementor-column-gap-default\">\n\t\t\t\t\t<div class=\"elementor-column elementor-col-100 elementor-inner-column elementor-element elementor-element-7979023\" data-id=\"7979023\" data-element_type=\"column\">\n\t\t\t<div class=\"elementor-widget-wrap elementor-element-populated\">\n\t\t\t\t\t\t<div class=\"elementor-element elementor-element-7c2eead elementor-widget elementor-widget-text-editor\" data-id=\"7c2eead\" data-element_type=\"widget\" data-widget_type=\"text-editor.default\">\n\t\t\t\t<div class=\"elementor-widget-container\">\n\t\t\t\t\t\t\t\t\t<div>Il <strong>90% dei Prodotti<\/strong> viene preparato e <strong>consegnato al Corriere Espresso in 24\/48 H<\/strong> lavorative.<\/div><div>\u00a0<\/div><div>La modalit\u00e0 di consegna pi\u00f9 rapida e comoda \u00e8 a casa tua o nel posto di lavoro. Il Corriere <strong>consegna mediamente in 24\/48 H<\/strong> lavorative, in tutta Italia, <strong>salvo isole o localit\u00e0 disagiate<\/strong>; <strong>possono esserci ritardi<\/strong>\u00a0sui tempi di consegna dovuti a: eventi atmosferici forti, eventi o cause esterni all&#8217;organizzazione del Corriere, eventi straordinari, periodi particolari come Feste Natalizie o Ferie Estive, o altro. <strong>Potrete sempre monitorare la Spedizione<\/strong> tramite il <strong>Tracking Number<\/strong> utilizzando il <strong>link del Corriere<\/strong>, che vi abbiamo <strong>fornito con la Documentazione<\/strong>.<\/div><div>\u00a0<\/div><div><strong>Nel caso lo desideriate<\/strong>, potrete effettuare l&#8217;Acquisto e ritirarlo Personalmente, nel Nostro Negozio a Sarmeola di Rubano (PD).<\/div><p><strong>Tutte le nostre spedizioni sono:<\/strong><\/p><ul class=\"gkBullet1\"><li><div><strong>Protette Molto Bene\u00a0<\/strong>con imbottiture di<strong> Bolle\/<\/strong><strong>Cuscini d&#8217;Aria<\/strong><\/div><\/li><li><div>Chiuse con <strong>Nastro Personalizzato<\/strong> di Sicurezza e\/o Sigilli Anti-infrazione.<\/div><\/li><li><div><strong>Assicurate sul Valore<\/strong> del Prodotto acquistato.<\/div><\/li><li><div><strong>Postazione dedicata con Videoregistrazione H24<\/strong>\u00a0(con sistema proprietario Non modificabile)<strong>, dove vengono preparati e gestiti i pacchi<\/strong>\u00a0in Partenza ed in Arrivo,<strong>\u00a0compresi pacchi dei Resi.<\/strong><\/div><\/li><\/ul>\t\t\t\t\t\t\t\t<\/div>\n\t\t\t\t<\/div>\n\t\t\t\t\t<\/div>\n\t\t<\/div>\n\t\t\t\t\t<\/div>\n\t\t<\/section>\n\t\t\t\t\t<\/div>\n\t\t<\/div>\n\t\t\t\t\t<\/div>\n\t\t<\/section>\n\t\t\t\t<section class=\"elementor-section elementor-top-section elementor-element elementor-element-7350ed8 elementor-section-full_width elementor-section-height-default elementor-section-height-default\" data-id=\"7350ed8\" data-element_type=\"section\">\n\t\t\t\t\t\t<div class=\"elementor-container elementor-column-gap-default\">\n\t\t\t\t\t<div class=\"elementor-column elementor-col-100 elementor-top-column elementor-element elementor-element-c292d72\" data-id=\"c292d72\" data-element_type=\"column\">\n\t\t\t<div class=\"elementor-widget-wrap elementor-element-populated\">\n\t\t\t\t\t\t<section class=\"elementor-section elementor-inner-section elementor-element elementor-element-111f267 elementor-section-content-middle elementor-section-boxed elementor-section-height-default elementor-section-height-default\" data-id=\"111f267\" data-element_type=\"section\">\n\t\t\t\t\t\t<div class=\"elementor-container elementor-column-gap-default\">\n\t\t\t\t\t<div class=\"elementor-column elementor-col-100 elementor-inner-column elementor-element elementor-element-d9ef2c1\" data-id=\"d9ef2c1\" data-element_type=\"column\">\n\t\t\t<div class=\"elementor-widget-wrap elementor-element-populated\">\n\t\t\t\t\t\t<div class=\"elementor-element elementor-element-fbcdb91 elementor-widget__width-auto elementor-widget elementor-widget-image\" data-id=\"fbcdb91\" data-element_type=\"widget\" data-widget_type=\"image.default\">\n\t\t\t\t<div class=\"elementor-widget-container\">\n\t\t\t\t\t\t\t\t\t\t\t\t\t\t\t<img decoding=\"async\" width=\"70\" height=\"65\" src=\"https:\/\/www.rensiweb.com\/wp-content\/uploads\/like-simple-easy-fast-intuitive-clear-02.jpg\" class=\"attachment-large size-large wp-image-16977\" alt=\"\" sizes=\"\" \/>\t\t\t\t\t\t\t\t\t\t\t\t\t\t\t<\/div>\n\t\t\t\t<\/div>\n\t\t\t\t<div class=\"elementor-element elementor-element-df75757 elementor-widget__width-auto elementor-widget elementor-widget-heading\" data-id=\"df75757\" data-element_type=\"widget\" data-widget_type=\"heading.default\">\n\t\t\t\t<div class=\"elementor-widget-container\">\n\t\t\t\t\t<h2 class=\"elementor-heading-title elementor-size-default\">Spese di spedizione<\/h2>\t\t\t\t<\/div>\n\t\t\t\t<\/div>\n\t\t\t\t\t<\/div>\n\t\t<\/div>\n\t\t\t\t\t<\/div>\n\t\t<\/section>\n\t\t\t\t<section class=\"elementor-section elementor-inner-section elementor-element elementor-element-2d6740e elementor-section-content-middle elementor-section-boxed elementor-section-height-default elementor-section-height-default\" data-id=\"2d6740e\" data-element_type=\"section\">\n\t\t\t\t\t\t<div class=\"elementor-container elementor-column-gap-default\">\n\t\t\t\t\t<div class=\"elementor-column elementor-col-100 elementor-inner-column elementor-element elementor-element-5b9dc57\" data-id=\"5b9dc57\" data-element_type=\"column\">\n\t\t\t<div class=\"elementor-widget-wrap elementor-element-populated\">\n\t\t\t\t\t\t<div class=\"elementor-element elementor-element-a95f13d elementor-widget elementor-widget-text-editor\" data-id=\"a95f13d\" data-element_type=\"widget\" data-widget_type=\"text-editor.default\">\n\t\t\t\t<div class=\"elementor-widget-container\">\n\t\t\t\t\t\t\t\t\t<p>Abbiamo fatto <strong>una scelta<\/strong> chiara e semplice <strong>per il cliente<\/strong>, <strong>Spedizione sempre **Gratis <\/strong>per qualsiasi Prodotto acquistato.<\/p><p><strong>La spedizione del Reso \u00e8 Gratis<\/strong>, a nostro Carico, il pacco verr\u00e0 <strong>Prenotato da Noi<\/strong> tramite vostre indicazioni, su appuntamento il Corriere verr\u00e0 a ritirare il Pacco.<\/p><ul class=\"gkBullet1\"><li><em><strong>Consigliamo di conservare<\/strong>\u00a0tutto l&#8217;imballo della spedizione, in modo tale possiate facilmente e in sicurezza preparare l&#8217;eventuale\u00a0<strong>pacco di Reso<\/strong>.<\/em><\/li><\/ul><p><strong>N.B: Il pacco del Reso\u00a0non \u00e8 coperto\u00a0da nostra Assicurazione sul Valore,\u00a0<\/strong>se vorrete questo<strong>\u00a0servizio supplementare, si dovr\u00e0 utilizzare il servizio fornito dal Corriere stesso; tutti i pacchi vengono aperti sotto Videoregistrazione funzionante H24, per la vostra e nostra Sicurezza.<\/strong><\/p><div>**Alcuni Rari casi possono esserci nella vendita di Accessori, verificare bene la scheda prodotto in cui viene segnalato Tutto.<\/div>\t\t\t\t\t\t\t\t<\/div>\n\t\t\t\t<\/div>\n\t\t\t\t\t<\/div>\n\t\t<\/div>\n\t\t\t\t\t<\/div>\n\t\t<\/section>\n\t\t\t\t\t<\/div>\n\t\t<\/div>\n\t\t\t\t\t<\/div>\n\t\t<\/section>\n\t\t\t\t<section class=\"elementor-section elementor-top-section elementor-element elementor-element-e5db8ba elementor-section-full_width elementor-section-height-default elementor-section-height-default\" data-id=\"e5db8ba\" data-element_type=\"section\">\n\t\t\t\t\t\t<div class=\"elementor-container elementor-column-gap-default\">\n\t\t\t\t\t<div class=\"elementor-column elementor-col-100 elementor-top-column elementor-element elementor-element-a769d4e\" data-id=\"a769d4e\" data-element_type=\"column\">\n\t\t\t<div class=\"elementor-widget-wrap elementor-element-populated\">\n\t\t\t\t\t\t<section class=\"elementor-section elementor-inner-section elementor-element elementor-element-af6354c elementor-section-content-middle elementor-section-boxed elementor-section-height-default elementor-section-height-default\" data-id=\"af6354c\" data-element_type=\"section\">\n\t\t\t\t\t\t<div class=\"elementor-container elementor-column-gap-default\">\n\t\t\t\t\t<div class=\"elementor-column elementor-col-100 elementor-inner-column elementor-element elementor-element-74fb799\" data-id=\"74fb799\" data-element_type=\"column\">\n\t\t\t<div class=\"elementor-widget-wrap elementor-element-populated\">\n\t\t\t\t\t\t<div class=\"elementor-element elementor-element-6e867f1 elementor-widget__width-auto elementor-widget elementor-widget-image\" data-id=\"6e867f1\" data-element_type=\"widget\" data-widget_type=\"image.default\">\n\t\t\t\t<div class=\"elementor-widget-container\">\n\t\t\t\t\t\t\t\t\t\t\t\t\t\t\t<img decoding=\"async\" width=\"85\" height=\"64\" src=\"https:\/\/www.rensiweb.com\/wp-content\/uploads\/credit-card-paypal-bank-transfer-payment-methods.jpg\" class=\"attachment-large size-large wp-image-16978\" alt=\"\" sizes=\"\" \/>\t\t\t\t\t\t\t\t\t\t\t\t\t\t\t<\/div>\n\t\t\t\t<\/div>\n\t\t\t\t<div class=\"elementor-element elementor-element-e5fa3b7 elementor-widget__width-auto elementor-widget elementor-widget-heading\" data-id=\"e5fa3b7\" data-element_type=\"widget\" data-widget_type=\"heading.default\">\n\t\t\t\t<div class=\"elementor-widget-container\">\n\t\t\t\t\t<h2 class=\"elementor-heading-title elementor-size-default\">Tempi di spedizione collegati alle varie forme di Pagamento<\/h2>\t\t\t\t<\/div>\n\t\t\t\t<\/div>\n\t\t\t\t\t<\/div>\n\t\t<\/div>\n\t\t\t\t\t<\/div>\n\t\t<\/section>\n\t\t\t\t<section class=\"elementor-section elementor-inner-section elementor-element elementor-element-efb0603 elementor-section-content-middle elementor-section-boxed elementor-section-height-default elementor-section-height-default\" data-id=\"efb0603\" data-element_type=\"section\">\n\t\t\t\t\t\t<div class=\"elementor-container elementor-column-gap-default\">\n\t\t\t\t\t<div class=\"elementor-column elementor-col-100 elementor-inner-column elementor-element elementor-element-4a5f6d0\" data-id=\"4a5f6d0\" data-element_type=\"column\">\n\t\t\t<div class=\"elementor-widget-wrap elementor-element-populated\">\n\t\t\t\t\t\t<div class=\"elementor-element elementor-element-8167c16 elementor-widget elementor-widget-text-editor\" data-id=\"8167c16\" data-element_type=\"widget\" data-widget_type=\"text-editor.default\">\n\t\t\t\t<div class=\"elementor-widget-container\">\n\t\t\t\t\t\t\t\t\t<ul class=\"gkBullet1\"><li><div><strong>Bonifico Bancario<\/strong>: pu\u00f2 allungare sensibilmente i tempi di spedizione, dobbiamo aspettare di visualizzare sul Conto Corrente il Bonifico, poi si proceder\u00e0 a preparare e spedire il Prodotto.<\/div><\/li><li><div><strong>Carte di Credito e pagamenti elettronici<\/strong>: la visualizzazione \u00e8 quasi immediata, potremo preparare e consegnare al Corriere, il Pacco entro 24\/48 H lavorative.<\/div><\/li><li><div><strong>N.B.<\/strong>: <strong>leggeri ritardi sui Pagamenti elettronici<\/strong>, possono essere normali in caso di importi elevati, in quanto gli <strong>Enti di controllo chiedono una maggiore verifiche,<\/strong> di tali Pagamenti. In questi casi comunque si <strong>Spedisce sempre entro le 48\/72 H<\/strong>.<\/div><\/li><\/ul>\t\t\t\t\t\t\t\t<\/div>\n\t\t\t\t<\/div>\n\t\t\t\t\t<\/div>\n\t\t<\/div>\n\t\t\t\t\t<\/div>\n\t\t<\/section>\n\t\t\t\t\t<\/div>\n\t\t<\/div>\n\t\t\t\t\t<\/div>\n\t\t<\/section>\n\t\t\t\t<section class=\"elementor-section elementor-top-section elementor-element elementor-element-15396ca elementor-section-full_width elementor-section-height-default elementor-section-height-default\" data-id=\"15396ca\" data-element_type=\"section\">\n\t\t\t\t\t\t<div class=\"elementor-container elementor-column-gap-default\">\n\t\t\t\t\t<div class=\"elementor-column elementor-col-100 elementor-top-column elementor-element elementor-element-939c263\" data-id=\"939c263\" data-element_type=\"column\">\n\t\t\t<div class=\"elementor-widget-wrap elementor-element-populated\">\n\t\t\t\t\t\t<section class=\"elementor-section elementor-inner-section elementor-element elementor-element-2f187ba elementor-section-content-middle elementor-section-boxed elementor-section-height-default elementor-section-height-default\" data-id=\"2f187ba\" data-element_type=\"section\">\n\t\t\t\t\t\t<div class=\"elementor-container elementor-column-gap-default\">\n\t\t\t\t\t<div class=\"elementor-column elementor-col-100 elementor-inner-column elementor-element elementor-element-a1a2ea2\" data-id=\"a1a2ea2\" data-element_type=\"column\">\n\t\t\t<div class=\"elementor-widget-wrap elementor-element-populated\">\n\t\t\t\t\t\t<div class=\"elementor-element elementor-element-1431012 elementor-widget__width-auto elementor-widget elementor-widget-image\" data-id=\"1431012\" data-element_type=\"widget\" data-widget_type=\"image.default\">\n\t\t\t\t<div class=\"elementor-widget-container\">\n\t\t\t\t\t\t\t\t\t\t\t\t\t\t\t<img loading=\"lazy\" decoding=\"async\" width=\"70\" height=\"49\" src=\"https:\/\/www.rensiweb.com\/wp-content\/uploads\/protect-your-data-not-delivered-to-anyone-your-personal-information.jpg\" class=\"attachment-large size-large wp-image-16979\" alt=\"\" sizes=\"\" \/>\t\t\t\t\t\t\t\t\t\t\t\t\t\t\t<\/div>\n\t\t\t\t<\/div>\n\t\t\t\t<div class=\"elementor-element elementor-element-7a49375 elementor-widget__width-auto elementor-widget elementor-widget-heading\" data-id=\"7a49375\" data-element_type=\"widget\" data-widget_type=\"heading.default\">\n\t\t\t\t<div class=\"elementor-widget-container\">\n\t\t\t\t\t<h2 class=\"elementor-heading-title elementor-size-default\">Alcuni consigli per il controllo e ricezione dei Pacchi<\/h2>\t\t\t\t<\/div>\n\t\t\t\t<\/div>\n\t\t\t\t\t<\/div>\n\t\t<\/div>\n\t\t\t\t\t<\/div>\n\t\t<\/section>\n\t\t\t\t<section class=\"elementor-section elementor-inner-section elementor-element elementor-element-3151a3c elementor-section-content-middle elementor-section-boxed elementor-section-height-default elementor-section-height-default\" data-id=\"3151a3c\" data-element_type=\"section\">\n\t\t\t\t\t\t<div class=\"elementor-container elementor-column-gap-default\">\n\t\t\t\t\t<div class=\"elementor-column elementor-col-100 elementor-inner-column elementor-element elementor-element-3e67068\" data-id=\"3e67068\" data-element_type=\"column\">\n\t\t\t<div class=\"elementor-widget-wrap elementor-element-populated\">\n\t\t\t\t\t\t<div class=\"elementor-element elementor-element-32fcb6b elementor-widget elementor-widget-text-editor\" data-id=\"32fcb6b\" data-element_type=\"widget\" data-widget_type=\"text-editor.default\">\n\t\t\t\t<div class=\"elementor-widget-container\">\n\t\t\t\t\t\t\t\t\t<ul class=\"gkBullet1\"><li><div><strong>Utilizza il Number Tracking per verificare lo stato della tua spedizione<\/strong>, tramite il link al sito Web del Corriere (ti verr\u00e0 fornito tutto nella documentazione tramite Email, appena avremo spedito il Pacco).<\/div><\/li><li><div><strong>Controlla che il Cartone e\/o Busta, Nastri di chiusura e\/o eventuali Sigilli, risultino Integri e Non alterati<\/strong>, strappati, tagliati, seriamente danneggiati.<ul class=\"gkBullet1\"><li><strong>&#8211; Nel caso in cui ci siano problemi rilevati a vista<\/strong>, fai delle Foto, Firma con riserva (scrivere: Riserva di Controllo Merce per &#8230; &#8220;indicare il motivo&#8221;), o Rifiuta il Pacco; una corretta soluzione sarebbe quella di Aprire e verificare il contenuto del Pacco in Presenza del Corriere (Non tutti i Corrieri lo permettono).<\/li><li><strong>&#8211; Inviaci subito una segnalazione dell&#8217;Accaduto tramite Email<\/strong>, potremo cos\u00ec assisterti: <a href=\"mailto:info@rensiweb.com\">info@rensiweb.com<\/a>\u00a0&#8211; Oggetto: Manomissione Pacco &#8211; Acquisto n. &#8230; in Data &#8230; .<\/li><\/ul><\/div><\/li><li><div><strong>Controlla che il numero dei Colli<\/strong> (quantit\u00e0 di Pacchi e\/o Buste), <strong>siano corrispondenti<\/strong> a quanto indicato nel documento di trasporto che ti fanno Firmare.<\/div><\/li><li><div><strong>Conserva Cartone e Imballi<\/strong> della nostra spedizione, potrebbero servirti per il Reso o per qualsiasi motivo ti servisse spedire il Prodotto (Garanzia, Assistenza o altro).<\/div><\/li><\/ul>\t\t\t\t\t\t\t\t<\/div>\n\t\t\t\t<\/div>\n\t\t\t\t\t<\/div>\n\t\t<\/div>\n\t\t\t\t\t<\/div>\n\t\t<\/section>\n\t\t\t\t\t<\/div>\n\t\t<\/div>\n\t\t\t\t\t<\/div>\n\t\t<\/section>\n\t\t\t\t<section class=\"elementor-section elementor-top-section elementor-element elementor-element-5d04af6 elementor-section-full_width elementor-section-height-default elementor-section-height-default\" data-id=\"5d04af6\" data-element_type=\"section\">\n\t\t\t\t\t\t<div class=\"elementor-container elementor-column-gap-default\">\n\t\t\t\t\t<div class=\"elementor-column elementor-col-100 elementor-top-column elementor-element elementor-element-03611f0\" data-id=\"03611f0\" data-element_type=\"column\">\n\t\t\t<div class=\"elementor-widget-wrap elementor-element-populated\">\n\t\t\t\t\t\t<section class=\"elementor-section elementor-inner-section elementor-element elementor-element-d432eba elementor-section-content-middle elementor-section-boxed elementor-section-height-default elementor-section-height-default\" data-id=\"d432eba\" data-element_type=\"section\">\n\t\t\t\t\t\t<div class=\"elementor-container elementor-column-gap-default\">\n\t\t\t\t\t<div class=\"elementor-column elementor-col-100 elementor-inner-column elementor-element elementor-element-788ecff\" data-id=\"788ecff\" data-element_type=\"column\">\n\t\t\t<div class=\"elementor-widget-wrap elementor-element-populated\">\n\t\t\t\t\t\t<div class=\"elementor-element elementor-element-bf284e4 elementor-widget__width-auto elementor-widget elementor-widget-image\" data-id=\"bf284e4\" data-element_type=\"widget\" data-widget_type=\"image.default\">\n\t\t\t\t<div class=\"elementor-widget-container\">\n\t\t\t\t\t\t\t\t\t\t\t\t\t\t\t<img loading=\"lazy\" decoding=\"async\" width=\"75\" height=\"77\" src=\"https:\/\/www.rensiweb.com\/wp-content\/uploads\/100-original-products-guaranteed-high-quality-guarantee.jpg\" class=\"attachment-large size-large wp-image-16983\" alt=\"\" srcset=\"https:\/\/www.rensiweb.com\/wp-content\/uploads\/100-original-products-guaranteed-high-quality-guarantee.jpg 75w, https:\/\/www.rensiweb.com\/wp-content\/uploads\/100-original-products-guaranteed-high-quality-guarantee-32x32.jpg 32w\" sizes=\"(max-width: 75px) 100vw, 75px\" \/>\t\t\t\t\t\t\t\t\t\t\t\t\t\t\t<\/div>\n\t\t\t\t<\/div>\n\t\t\t\t<div class=\"elementor-element elementor-element-14af8ce elementor-widget__width-auto elementor-widget elementor-widget-heading\" data-id=\"14af8ce\" data-element_type=\"widget\" data-widget_type=\"heading.default\">\n\t\t\t\t<div class=\"elementor-widget-container\">\n\t\t\t\t\t<h2 class=\"elementor-heading-title elementor-size-default\">Impegno del Servizio al cliente<\/h2>\t\t\t\t<\/div>\n\t\t\t\t<\/div>\n\t\t\t\t\t<\/div>\n\t\t<\/div>\n\t\t\t\t\t<\/div>\n\t\t<\/section>\n\t\t\t\t<section class=\"elementor-section elementor-inner-section elementor-element elementor-element-6dca036 elementor-section-content-middle elementor-section-boxed elementor-section-height-default elementor-section-height-default\" data-id=\"6dca036\" data-element_type=\"section\">\n\t\t\t\t\t\t<div class=\"elementor-container elementor-column-gap-default\">\n\t\t\t\t\t<div class=\"elementor-column elementor-col-100 elementor-inner-column elementor-element elementor-element-61b8974\" data-id=\"61b8974\" data-element_type=\"column\">\n\t\t\t<div class=\"elementor-widget-wrap elementor-element-populated\">\n\t\t\t\t\t\t<div class=\"elementor-element elementor-element-bf6646e elementor-widget elementor-widget-text-editor\" data-id=\"bf6646e\" data-element_type=\"widget\" data-widget_type=\"text-editor.default\">\n\t\t\t\t<div class=\"elementor-widget-container\">\n\t\t\t\t\t\t\t\t\t<p><em>Facciamo il possibile per offrirti un <strong>servizio di Alta Qualit\u00e0<\/strong>.<\/em><\/p><p><em><strong>Aiutaci a migliorarlo<\/strong>, con eventuali segnalazioni o suggerimenti, saremo sempre a disposizione.<\/em><\/p>\t\t\t\t\t\t\t\t<\/div>\n\t\t\t\t<\/div>\n\t\t\t\t\t<\/div>\n\t\t<\/div>\n\t\t\t\t\t<\/div>\n\t\t<\/section>\n\t\t\t\t\t<\/div>\n\t\t<\/div>\n\t\t\t\t\t<\/div>\n\t\t<\/section>\n\t\t\t\t<\/div>\n\t\t","protected":false},"excerpt":{"rendered":"<p>Spedizioni effettuate solo con Corriere Espresso Internazionale Il 90% dei Prodotti viene preparato e consegnato al Corriere Espresso in 24\/48 H lavorative.\u00a0La modalit\u00e0 di consegna pi\u00f9 rapida e comoda \u00e8 a casa tua o nel posto di lavoro. Il Corriere consegna mediamente in 24\/48 H lavorative, in tutta Italia, salvo isole o localit\u00e0 disagiate; possono [&hellip;]<\/p>\n","protected":false},"author":1,"featured_media":0,"parent":0,"menu_order":0,"comment_status":"closed","ping_status":"closed","template":"","meta":{"footnotes":""},"categories":[],"tags":[],"class_list":["post-16974","page","type-page","status-publish","hentry"],"_links":{"self":[{"href":"https:\/\/www.rensiweb.com\/it\/wp-json\/wp\/v2\/pages\/16974","targetHints":{"allow":["GET"]}}],"collection":[{"href":"https:\/\/www.rensiweb.com\/it\/wp-json\/wp\/v2\/pages"}],"about":[{"href":"https:\/\/www.rensiweb.com\/it\/wp-json\/wp\/v2\/types\/page"}],"author":[{"embeddable":true,"href":"https:\/\/www.rensiweb.com\/it\/wp-json\/wp\/v2\/users\/1"}],"replies":[{"embeddable":true,"href":"https:\/\/www.rensiweb.com\/it\/wp-json\/wp\/v2\/comments?post=16974"}],"version-history":[{"count":0,"href":"https:\/\/www.rensiweb.com\/it\/wp-json\/wp\/v2\/pages\/16974\/revisions"}],"wp:attachment":[{"href":"https:\/\/www.rensiweb.com\/it\/wp-json\/wp\/v2\/media?parent=16974"}],"wp:term":[{"taxonomy":"category","embeddable":true,"href":"https:\/\/www.rensiweb.com\/it\/wp-json\/wp\/v2\/categories?post=16974"},{"taxonomy":"post_tag","embeddable":true,"href":"https:\/\/www.rensiweb.com\/it\/wp-json\/wp\/v2\/tags?post=16974"}],"curies":[{"name":"wp","href":"https:\/\/api.w.org\/{rel}","templated":true}]}}